{"id":41,"date":"2022-12-19T02:32:45","date_gmt":"2022-12-19T02:32:45","guid":{"rendered":"https:\/\/gaviaspreview.com\/wp\/modins\/?page_id=41"},"modified":"2024-03-27T12:58:31","modified_gmt":"2024-03-27T11:58:31","slug":"team","status":"publish","type":"page","link":"https:\/\/opsycours.org\/index.php\/team\/","title":{"rendered":"L&#8217;\u00e9quipe"},"content":{"rendered":"\t\t<div data-elementor-type=\"wp-page\" data-elementor-id=\"41\" class=\"elementor elementor-41\">\n\t\t\t\t\t\t<section class=\"elementor-section elementor-top-section elementor-element elementor-element-3e27d00 elementor-section-boxed elementor-section-height-default elementor-section-height-default\" data-id=\"3e27d00\" data-element_type=\"section\">\n\t\t\t\t\t\t<div class=\"elementor-container elementor-column-gap-default\">\n\t\t\t\t\t<div class=\"elementor-column elementor-col-100 elementor-top-column elementor-element elementor-element-9854f15\" data-id=\"9854f15\" data-element_type=\"column\">\n\t\t\t<div class=\"elementor-widget-wrap elementor-element-populated\">\n\t\t\t\t\t\t<div class=\"elementor-element elementor-element-c09c20c elementor-widget elementor-widget-gva-heading-block\" data-id=\"c09c20c\" data-element_type=\"widget\" data-widget_type=\"gva-heading-block.default\">\n\t\t\t\t<div class=\"elementor-widget-container\">\n\t\t\t\t\t<div class=\"gva-element-gva-heading-block gva-element\">   <div class=\"align-center style-1 widget gsc-heading box-align-center auto-responsive\">\r\n      <div class=\"content-inner\">\r\n         \r\n                  \r\n         <div class=\"sub-title\"><span class=\"tagline\">Equipe<\/span><\/div>  \r\n         \r\n                     <h2 class=\"title\">\r\n               <span>Le Bureau National OPSYCOURS<\/span>\r\n            <\/h2>\r\n                  \r\n         \r\n         \r\n      <\/div>\r\n   <\/div>\r\n<\/div>\t\t\t\t<\/div>\n\t\t\t\t<\/div>\n\t\t\t\t<div class=\"elementor-element elementor-element-a6fd35f elementor-widget elementor-widget-gva-team\" data-id=\"a6fd35f\" data-element_type=\"widget\" data-widget_type=\"gva-team.default\">\n\t\t\t\t<div class=\"elementor-widget-container\">\n\t\t\t\t\t<div class=\"gva-element-gva-team gva-element\">\r\n<div class=\"gsc-team layout-grid\">\r\n   <div class=\"lg-block-grid-3 md-block-grid-3 sm-block-grid-2 xs-block-grid-1 xx-block-grid-1\">\r\n               <div class=\"item-columns\">\r\n            \r\n\r\n\t<div class=\"gsc-team-item-2\">\r\n\t\t\t\t\t<div class=\"team-image\">\r\n\t\t\t\t<div class=\"image-content\">\r\n\t\t\t\t\t<img decoding=\"async\" src=\"https:\/\/opsycours.org\/wp-content\/uploads\/2024\/03\/WhatsApp-Image-2024-03-27-at-12.49.41-PM.jpeg\" alt=\"\" \/>  \r\n\t\t\t\t<\/div>\r\n\t\t\t\t<div class=\"socials-team\">\r\n\t\t\t\t\t<div class=\"socials-control\"><i class=\"fa-solid fa-plus\"><\/i><\/div>\r\n\t\t\t\t\t<div class=\"social-link\">\r\n\t\t\t\t\t\t\t\t\t\t\t\t\t\t\t\t\t\t\t\t\t\t\t\t\t\t\t\t\t<\/div>\r\n\t\t\t\t<\/div>\r\n\t\t\t<\/div>\r\n\t\t  \r\n\t\t<div class=\"team-content\">\r\n\t\t\t<div class=\"content-inner\">\r\n\t\t\t\t\t\t\t\t\t<h3 class=\"team-name\">\r\n\t\t\t\t\t\tNGO Baha Monique M\u00e9lanie   \r\n\t\t\t\t\t<\/h3>\r\n\t\t\t\t\r\n\t\t\t\t\t\t\t\t\t<div class=\"team-job\"> Psychologue clinicienne, sp\u00e9cialiste des interventions d'urgences psychologiques pr\u00e9sidente\/coordinatrice OPSYCOURS<\/div>\r\n\t\t\t\t\r\n\t\t\t\t\r\n\t\t\t\t\r\n\t\t\t<\/div>   \r\n\t\t<\/div>\r\n\t<\/div>      \r\n         <\/div>\r\n               <div class=\"item-columns\">\r\n            \r\n\r\n\t<div class=\"gsc-team-item-2\">\r\n\t\t\t\t\t<div class=\"team-image\">\r\n\t\t\t\t<div class=\"image-content\">\r\n\t\t\t\t\t<img decoding=\"async\" src=\"https:\/\/opsycours.org\/wp-content\/uploads\/2024\/03\/WhatsApp-Image-2024-03-15-at-20.59.13-e1711028970402.jpeg\" alt=\"\" \/>  \r\n\t\t\t\t<\/div>\r\n\t\t\t\t<div class=\"socials-team\">\r\n\t\t\t\t\t<div class=\"socials-control\"><i class=\"fa-solid fa-plus\"><\/i><\/div>\r\n\t\t\t\t\t<div class=\"social-link\">\r\n\t\t\t\t\t\t\t\t\t\t\t\t\t\t\t\t\t\t\t\t\t\t\t\t\t\t\t\t\t<\/div>\r\n\t\t\t\t<\/div>\r\n\t\t\t<\/div>\r\n\t\t  \r\n\t\t<div class=\"team-content\">\r\n\t\t\t<div class=\"content-inner\">\r\n\t\t\t\t\t\t\t\t\t<h3 class=\"team-name\">\r\n\t\t\t\t\t\tDr. EPOH ENONE Guy Herv\u00e9   \r\n\t\t\t\t\t<\/h3>\r\n\t\t\t\t\r\n\t\t\t\t\t\t\t\t\t<div class=\"team-job\">Ph.D, en Psychologie Clinique et Psychopathologie Vice-Pr\u00e9sident et Coordinateur National Adjoint OPSYCOURS<\/div>\r\n\t\t\t\t\r\n\t\t\t\t\r\n\t\t\t\t\r\n\t\t\t<\/div>   \r\n\t\t<\/div>\r\n\t<\/div>      \r\n         <\/div>\r\n               <div class=\"item-columns\">\r\n            \r\n\r\n\t<div class=\"gsc-team-item-2\">\r\n\t\t\t\t\t<div class=\"team-image\">\r\n\t\t\t\t<div class=\"image-content\">\r\n\t\t\t\t\t<img decoding=\"async\" src=\"https:\/\/opsycours.org\/wp-content\/uploads\/2024\/03\/WhatsApp-Image-2024-03-13-at-5.41.47-PM1-1.jpeg\" alt=\"\" \/>  \r\n\t\t\t\t<\/div>\r\n\t\t\t\t<div class=\"socials-team\">\r\n\t\t\t\t\t<div class=\"socials-control\"><i class=\"fa-solid fa-plus\"><\/i><\/div>\r\n\t\t\t\t\t<div class=\"social-link\">\r\n\t\t\t\t\t\t\t\t\t\t\t\t\t\t\t\t\t\t\t\t\t\t\t\t\t\t\t\t\t<\/div>\r\n\t\t\t\t<\/div>\r\n\t\t\t<\/div>\r\n\t\t  \r\n\t\t<div class=\"team-content\">\r\n\t\t\t<div class=\"content-inner\">\r\n\t\t\t\t\t\t\t\t\t<h3 class=\"team-name\">\r\n\t\t\t\t\t\t\u00c9lie P\u00e9pin MBEA II   \r\n\t\t\t\t\t<\/h3>\r\n\t\t\t\t\r\n\t\t\t\t\t\t\t\t\t<div class=\"team-job\">Psychologue clinicien sp\u00e9cialiste des interventions d'urgences psychologiques  Secr\u00e9taire g\u00e9n\u00e9ral OPSYCOURS <\/div>\r\n\t\t\t\t\r\n\t\t\t\t\r\n\t\t\t\t\r\n\t\t\t<\/div>   \r\n\t\t<\/div>\r\n\t<\/div>      \r\n         <\/div>\r\n               <div class=\"item-columns\">\r\n            \r\n\r\n\t<div class=\"gsc-team-item-2\">\r\n\t\t\t\t\t<div class=\"team-image\">\r\n\t\t\t\t<div class=\"image-content\">\r\n\t\t\t\t\t<img decoding=\"async\" src=\"https:\/\/opsycours.org\/wp-content\/uploads\/2024\/03\/WhatsApp-Image-2024-03-20-at-19.17.41.jpeg\" alt=\"\" \/>  \r\n\t\t\t\t<\/div>\r\n\t\t\t\t<div class=\"socials-team\">\r\n\t\t\t\t\t<div class=\"socials-control\"><i class=\"fa-solid fa-plus\"><\/i><\/div>\r\n\t\t\t\t\t<div class=\"social-link\">\r\n\t\t\t\t\t\t\t\t\t\t\t\t\t\t\t\t\t\t\t\t\t\t\t\t\t\t\t\t\t<\/div>\r\n\t\t\t\t<\/div>\r\n\t\t\t<\/div>\r\n\t\t  \r\n\t\t<div class=\"team-content\">\r\n\t\t\t<div class=\"content-inner\">\r\n\t\t\t\t\t\t\t\t\t<h3 class=\"team-name\">\r\n\t\t\t\t\t\tDafiatou   \r\n\t\t\t\t\t<\/h3>\r\n\t\t\t\t\r\n\t\t\t\t\t\t\t\t\t<div class=\"team-job\">Psychologue sociale sp\u00e9cialiste des interventions d'urgences psychologiques, Tr\u00e9sori\u00e8re nationale OPSYCOURS.<\/div>\r\n\t\t\t\t\r\n\t\t\t\t\r\n\t\t\t\t\r\n\t\t\t<\/div>   \r\n\t\t<\/div>\r\n\t<\/div>      \r\n         <\/div>\r\n               <div class=\"item-columns\">\r\n            \r\n\r\n\t<div class=\"gsc-team-item-2\">\r\n\t\t\t\t\t<div class=\"team-image\">\r\n\t\t\t\t<div class=\"image-content\">\r\n\t\t\t\t\t<img decoding=\"async\" src=\"https:\/\/opsycours.org\/wp-content\/uploads\/2024\/03\/WhatsApp-Image-2024-03-23-at-10.24.11-AM.jpeg\" alt=\"\" \/>  \r\n\t\t\t\t<\/div>\r\n\t\t\t\t<div class=\"socials-team\">\r\n\t\t\t\t\t<div class=\"socials-control\"><i class=\"fa-solid fa-plus\"><\/i><\/div>\r\n\t\t\t\t\t<div class=\"social-link\">\r\n\t\t\t\t\t\t\t\t\t\t\t\t\t\t\t\t\t\t\t\t\t\t\t\t\t\t\t\t\t<\/div>\r\n\t\t\t\t<\/div>\r\n\t\t\t<\/div>\r\n\t\t  \r\n\t\t<div class=\"team-content\">\r\n\t\t\t<div class=\"content-inner\">\r\n\t\t\t\t\t\t\t\t\t<h3 class=\"team-name\">\r\n\t\t\t\t\t\tMahop Jean Calvin   \r\n\t\t\t\t\t<\/h3>\r\n\t\t\t\t\r\n\t\t\t\t\t\t\t\t\t<div class=\"team-job\">Psychopathologue, Responsable d\u00e9partement projet OPSYCOURS<\/div>\r\n\t\t\t\t\r\n\t\t\t\t\r\n\t\t\t\t\r\n\t\t\t<\/div>   \r\n\t\t<\/div>\r\n\t<\/div>      \r\n         <\/div>\r\n               <div class=\"item-columns\">\r\n            \r\n\r\n\t<div class=\"gsc-team-item-2\">\r\n\t\t\t\t\t<div class=\"team-image\">\r\n\t\t\t\t<div class=\"image-content\">\r\n\t\t\t\t\t<img decoding=\"async\" src=\"https:\/\/opsycours.org\/wp-content\/uploads\/2024\/03\/WhatsApp-Image-2024-03-23-at-10.27.19-AM.jpeg\" alt=\"\" \/>  \r\n\t\t\t\t<\/div>\r\n\t\t\t\t<div class=\"socials-team\">\r\n\t\t\t\t\t<div class=\"socials-control\"><i class=\"fa-solid fa-plus\"><\/i><\/div>\r\n\t\t\t\t\t<div class=\"social-link\">\r\n\t\t\t\t\t\t\t\t\t\t\t\t\t\t\t\t\t\t\t\t\t\t\t\t\t\t\t\t\t<\/div>\r\n\t\t\t\t<\/div>\r\n\t\t\t<\/div>\r\n\t\t  \r\n\t\t<div class=\"team-content\">\r\n\t\t\t<div class=\"content-inner\">\r\n\t\t\t\t\t\t\t\t\t<h3 class=\"team-name\">\r\n\t\t\t\t\t\tETET Epse ELIMBI Michelle A   \r\n\t\t\t\t\t<\/h3>\r\n\t\t\t\t\r\n\t\t\t\t\t\t\t\t\t<div class=\"team-job\">Psychologue clinicienne, Commissaire aux comptes OPSYCOURS<\/div>\r\n\t\t\t\t\r\n\t\t\t\t\r\n\t\t\t\t\r\n\t\t\t<\/div>   \r\n\t\t<\/div>\r\n\t<\/div>      \r\n         <\/div>\r\n         <\/div>   \r\n<\/div>\r\n<\/div>\t\t\t\t<\/div>\n\t\t\t\t<\/div>\n\t\t\t\t\t<\/div>\n\t\t<\/div>\n\t\t\t\t\t<\/div>\n\t\t<\/section>\n\t\t\t\t<\/div>\n\t\t","protected":false},"excerpt":{"rendered":"<p>Equipe Le Bureau National OPSYCOURS NGO Baha Monique M\u00e9lanie Psychologue clinicienne, sp\u00e9cialiste des interventions d&#8217;urgences psychologiques pr\u00e9sidente\/coordinatrice OPSYCOURS Dr. EPOH ENONE Guy Herv\u00e9 Ph.D, en Psychologie Clinique et Psychopathologie Vice-Pr\u00e9sident [&hellip;]<\/p>\n","protected":false},"author":1,"featured_media":0,"parent":0,"menu_order":0,"comment_status":"closed","ping_status":"closed","template":"","meta":{"om_disable_all_campaigns":false,"_monsterinsights_skip_tracking":false,"_monsterinsights_sitenote_active":false,"_monsterinsights_sitenote_note":"","_monsterinsights_sitenote_category":0,"_uf_show_specific_survey":0,"_uf_disable_surveys":false,"footnotes":""},"class_list":["post-41","page","type-page","status-publish","hentry"],"aioseo_notices":[],"_links":{"self":[{"href":"https:\/\/opsycours.org\/index.php\/wp-json\/wp\/v2\/pages\/41","targetHints":{"allow":["GET"]}}],"collection":[{"href":"https:\/\/opsycours.org\/index.php\/wp-json\/wp\/v2\/pages"}],"about":[{"href":"https:\/\/opsycours.org\/index.php\/wp-json\/wp\/v2\/types\/page"}],"author":[{"embeddable":true,"href":"https:\/\/opsycours.org\/index.php\/wp-json\/wp\/v2\/users\/1"}],"replies":[{"embeddable":true,"href":"https:\/\/opsycours.org\/index.php\/wp-json\/wp\/v2\/comments?post=41"}],"version-history":[{"count":49,"href":"https:\/\/opsycours.org\/index.php\/wp-json\/wp\/v2\/pages\/41\/revisions"}],"predecessor-version":[{"id":1049,"href":"https:\/\/opsycours.org\/index.php\/wp-json\/wp\/v2\/pages\/41\/revisions\/1049"}],"wp:attachment":[{"href":"https:\/\/opsycours.org\/index.php\/wp-json\/wp\/v2\/media?parent=41"}],"curies":[{"name":"wp","href":"https:\/\/api.w.org\/{rel}","templated":true}]}}