{"id":37,"date":"2022-12-19T02:32:04","date_gmt":"2022-12-19T02:32:04","guid":{"rendered":"https:\/\/gaviaspreview.com\/wp\/modins\/?page_id=37"},"modified":"2024-03-27T15:07:29","modified_gmt":"2024-03-27T14:07:29","slug":"nos-domaines-daction","status":"publish","type":"page","link":"https:\/\/opsycours.org\/index.php\/nos-domaines-daction\/","title":{"rendered":"Domaines d&#8217;action"},"content":{"rendered":"\t\t<div data-elementor-type=\"wp-page\" data-elementor-id=\"37\" class=\"elementor elementor-37\">\n\t\t\t\t\t\t<section class=\"elementor-section elementor-top-section elementor-element elementor-element-67152ff elementor-section-boxed elementor-section-height-default elementor-section-height-default\" data-id=\"67152ff\" data-element_type=\"section\" data-settings=\"{&quot;background_background&quot;:&quot;slideshow&quot;,&quot;background_slideshow_ken_burns&quot;:&quot;yes&quot;,&quot;background_slideshow_gallery&quot;:[],&quot;background_slideshow_loop&quot;:&quot;yes&quot;,&quot;background_slideshow_slide_duration&quot;:5000,&quot;background_slideshow_slide_transition&quot;:&quot;fade&quot;,&quot;background_slideshow_transition_duration&quot;:500,&quot;background_slideshow_ken_burns_zoom_direction&quot;:&quot;in&quot;}\">\n\t\t\t\t\t\t<div class=\"elementor-container elementor-column-gap-default\">\n\t\t\t\t\t<div class=\"elementor-column elementor-col-100 elementor-top-column elementor-element elementor-element-108d99c\" data-id=\"108d99c\" data-element_type=\"column\">\n\t\t\t<div class=\"elementor-widget-wrap elementor-element-populated\">\n\t\t\t\t\t\t<div class=\"elementor-element elementor-element-07bec2e elementor-widget elementor-widget-gva-heading-block\" data-id=\"07bec2e\" data-element_type=\"widget\" data-widget_type=\"gva-heading-block.default\">\n\t\t\t\t<div class=\"elementor-widget-container\">\n\t\t\t\t\t<div class=\"gva-element-gva-heading-block gva-element\">   <div class=\"align-left style-1 widget gsc-heading box-align-left auto-responsive\">\r\n      <div class=\"content-inner\">\r\n         \r\n                  \r\n           \r\n         \r\n                     <h2 class=\"title\">\r\n               <span>Nos domaines d'action<\/span>\r\n            <\/h2>\r\n                  \r\n                     <div class=\"title-desc\">Les diff\u00e9rents domaines sur lesquels nous agissons. <\/div>\r\n         \r\n         \r\n      <\/div>\r\n   <\/div>\r\n<\/div>\t\t\t\t<\/div>\n\t\t\t\t<\/div>\n\t\t\t\t\t<\/div>\n\t\t<\/div>\n\t\t\t\t\t<\/div>\n\t\t<\/section>\n\t\t\t\t<section class=\"elementor-section elementor-top-section elementor-element elementor-element-0b7529c elementor-section-boxed elementor-section-height-default elementor-section-height-default\" data-id=\"0b7529c\" data-element_type=\"section\">\n\t\t\t\t\t\t<div class=\"elementor-container elementor-column-gap-default\">\n\t\t\t\t\t<div class=\"elementor-column elementor-col-100 elementor-top-column elementor-element elementor-element-b6f101d\" data-id=\"b6f101d\" data-element_type=\"column\">\n\t\t\t<div class=\"elementor-widget-wrap elementor-element-populated\">\n\t\t\t\t\t\t<div class=\"elementor-element elementor-element-3af5902 elementor-widget elementor-widget-gva-services\" data-id=\"3af5902\" data-element_type=\"widget\" data-widget_type=\"gva-services.default\">\n\t\t\t\t<div class=\"elementor-widget-container\">\n\t\t\t\t\t<div class=\"gva-element-gva-services gva-element\">\r\n<div class=\"gsc-services layout-grid\">\r\n   <div class=\"lg-block-grid-3 md-block-grid-3 sm-block-grid-3 xs-block-grid-2 xx-block-grid-2\">\r\n      <div class=\"item-columns\">\r\n\t\r\n\r\n\r\n<div class=\"service-three__single\"><div class=\"service-three__content\"><span class=\"service-three__icon\"><span class=\"service-three__icon-inner\"><i aria-hidden=\"true\" class=\"fas fa-hand-holding-medical\"><\/i><\/span><\/span><div class=\"service-three__content-inner\"><h4 class=\"service-three__title\"><span>L&#039;intervention imm\u00e9diate et\/ou post imm\u00e9diate lors des catastrophes<\/span><\/h4><div class=\"service-three__desc\">Intervention imm\u00e9diate et post-imm\u00e9diate en cas de catastrophes.\n<\/div><\/div><\/div><\/div>\r\n<\/div><div class=\"item-columns\">\r\n\t\r\n\r\n\r\n<div class=\"service-three__single\"><div class=\"service-three__content\"><span class=\"service-three__icon\"><span class=\"service-three__icon-inner\"><i aria-hidden=\"true\" class=\"fas fa-phone-volume\"><\/i><\/span><\/span><div class=\"service-three__content-inner\"><h4 class=\"service-three__title\"><span>Cr\u00e9er et g\u00e9rer des cellules d&#039;urgences psychologiques<\/span><\/h4><div class=\"service-three__desc\">Cr\u00e9er et g\u00e9rer des cellules d'urgence psychologique<\/div><\/div><\/div><\/div>\r\n<\/div><div class=\"item-columns\">\r\n\t\r\n\r\n\r\n<div class=\"service-three__single\"><div class=\"service-three__content\"><span class=\"service-three__icon\"><span class=\"service-three__icon-inner\"><i aria-hidden=\"true\" class=\"fas fa-graduation-cap\"><\/i><\/span><\/span><div class=\"service-three__content-inner\"><h4 class=\"service-three__title\"><span>Cr\u00e9er un centre de formation et d\u2019accompagnement psychosociale<\/span><\/h4><div class=\"service-three__desc\">Cr\u00e9er un centre de formation et d\u2019accompagnement psychosociale\n<\/div><\/div><\/div><\/div>\r\n<\/div><div class=\"item-columns\">\r\n\t\r\n\r\n\r\n<div class=\"service-three__single\"><div class=\"service-three__content\"><span class=\"service-three__icon\"><span class=\"service-three__icon-inner\"><i aria-hidden=\"true\" class=\"fas fa-graduation-cap\"><\/i><\/span><\/span><div class=\"service-three__content-inner\"><h4 class=\"service-three__title\"><span>Cr\u00e9er un centre de formation et d\u2019accompagnement en psychotraumatologie<\/span><\/h4><div class=\"service-three__desc\">Cr\u00e9er un centre de formation et d\u2019accompagnement en psychotraumatologie<\/div><\/div><\/div><\/div>\r\n<\/div><div class=\"item-columns\">\r\n\t\r\n\r\n\r\n<div class=\"service-three__single\"><div class=\"service-three__content\"><span class=\"service-three__icon\"><span class=\"service-three__icon-inner\"><i aria-hidden=\"true\" class=\"fas fa-globe\"><\/i><\/span><\/span><div class=\"service-three__content-inner\"><h4 class=\"service-three__title\"><span>Effectuer la recherche clinique en psychologie humanitaire<\/span><\/h4><div class=\"service-three__desc\">Effectuer la recherche clinique en psychologie humanitaire<\/div><\/div><\/div><\/div>\r\n<\/div><div class=\"item-columns\">\r\n\t\r\n\r\n\r\n<div class=\"service-three__single\"><div class=\"service-three__content\"><span class=\"service-three__icon\"><span class=\"service-three__icon-inner\"><i aria-hidden=\"true\" class=\"fas fa-user-plus\"><\/i><\/span><\/span><div class=\"service-three__content-inner\"><h4 class=\"service-three__title\"><span>Effectuer des supervisions<\/span><\/h4><div class=\"service-three__desc\">Effectuer des supervisions<\/div><\/div><\/div><\/div>\r\n<\/div><div class=\"item-columns\">\r\n\t\r\n\r\n\r\n<div class=\"service-three__single\"><div class=\"service-three__content\"><span class=\"service-three__icon\"><span class=\"service-three__icon-inner\"><i aria-hidden=\"true\" class=\"fas fa-file-alt\"><\/i><\/span><\/span><div class=\"service-three__content-inner\"><h4 class=\"service-three__title\"><span>Organiser des stages nationaux et\/ou internationaux <\/span><\/h4><div class=\"service-three__desc\">Organiser des stages nationaux et\/ou internationaux \n<\/div><\/div><\/div><\/div>\r\n<\/div><div class=\"item-columns\">\r\n\t\r\n\r\n\r\n<div class=\"service-three__single\"><div class=\"service-three__content\"><span class=\"service-three__icon\"><span class=\"service-three__icon-inner\"><i aria-hidden=\"true\" class=\"fas fa-hands-helping\"><\/i><\/span><\/span><div class=\"service-three__content-inner\"><h4 class=\"service-three__title\"><span>Effectuer des \u00e9changes nationaux et internationaux<\/span><\/h4><div class=\"service-three__desc\">Effectuer des \u00e9changes nationaux et internationaux<\/div><\/div><\/div><\/div>\r\n<\/div><div class=\"item-columns\">\r\n\t\r\n\r\n\r\n<div class=\"service-three__single\"><div class=\"service-three__content\"><span class=\"service-three__icon\"><span class=\"service-three__icon-inner\"><i aria-hidden=\"true\" class=\"fas fa-hand-holding-usd\"><\/i><\/span><\/span><div class=\"service-three__content-inner\"><h4 class=\"service-three__title\"><span>Effectuer des montages, mettre en \u0153uvre et superviser des projets<\/span><\/h4><div class=\"service-three__desc\">Effectuer des montages, mettre en \u0153uvre et superviser des projets<\/div><\/div><\/div><\/div>\r\n<\/div><div class=\"item-columns\">\r\n\t\r\n\r\n\r\n<div class=\"service-three__single\"><div class=\"service-three__content\"><span class=\"service-three__icon\"><span class=\"service-three__icon-inner\"><i aria-hidden=\"true\" class=\"fas fa-laptop\"><\/i><\/span><\/span><div class=\"service-three__content-inner\"><h4 class=\"service-three__title\"><span>Organiser des conf\u00e9rences, s\u00e9minaires et colloques<\/span><\/h4><div class=\"service-three__desc\">Organiser des conf\u00e9rences, s\u00e9minaires et colloques<\/div><\/div><\/div><\/div>\r\n<\/div><div class=\"item-columns\">\r\n\t\r\n\r\n\r\n<div class=\"service-three__single\"><div class=\"service-three__content\"><span class=\"service-three__icon\"><span class=\"service-three__icon-inner\"><i aria-hidden=\"true\" class=\"fas fa-lightbulb\"><\/i><\/span><\/span><div class=\"service-three__content-inner\"><h4 class=\"service-three__title\"><span>Organiser des sessions cliniques et formation continue<\/span><\/h4><div class=\"service-three__desc\">Organiser des sessions cliniques et formation continue<\/div><\/div><\/div><\/div>\r\n<\/div>   <\/div>\r\n<\/div>\r\n<\/div>\t\t\t\t<\/div>\n\t\t\t\t<\/div>\n\t\t\t\t\t<\/div>\n\t\t<\/div>\n\t\t\t\t\t<\/div>\n\t\t<\/section>\n\t\t\t\t<\/div>\n\t\t","protected":false},"excerpt":{"rendered":"<p>Nos domaines d&#8217;action Les diff\u00e9rents domaines sur lesquels nous agissons. L&#039;intervention imm\u00e9diate et\/ou post imm\u00e9diate lors des catastrophes Intervention imm\u00e9diate et post-imm\u00e9diate en cas de catastrophes. Cr\u00e9er et g\u00e9rer des [&hellip;]<\/p>\n","protected":false},"author":1,"featured_media":0,"parent":0,"menu_order":0,"comment_status":"closed","ping_status":"closed","template":"","meta":{"om_disable_all_campaigns":false,"_monsterinsights_skip_tracking":false,"_monsterinsights_sitenote_active":false,"_monsterinsights_sitenote_note":"","_monsterinsights_sitenote_category":0,"_uf_show_specific_survey":0,"_uf_disable_surveys":false,"footnotes":""},"class_list":["post-37","page","type-page","status-publish","hentry"],"aioseo_notices":[],"_links":{"self":[{"href":"https:\/\/opsycours.org\/index.php\/wp-json\/wp\/v2\/pages\/37","targetHints":{"allow":["GET"]}}],"collection":[{"href":"https:\/\/opsycours.org\/index.php\/wp-json\/wp\/v2\/pages"}],"about":[{"href":"https:\/\/opsycours.org\/index.php\/wp-json\/wp\/v2\/types\/page"}],"author":[{"embeddable":true,"href":"https:\/\/opsycours.org\/index.php\/wp-json\/wp\/v2\/users\/1"}],"replies":[{"embeddable":true,"href":"https:\/\/opsycours.org\/index.php\/wp-json\/wp\/v2\/comments?post=37"}],"version-history":[{"count":38,"href":"https:\/\/opsycours.org\/index.php\/wp-json\/wp\/v2\/pages\/37\/revisions"}],"predecessor-version":[{"id":1129,"href":"https:\/\/opsycours.org\/index.php\/wp-json\/wp\/v2\/pages\/37\/revisions\/1129"}],"wp:attachment":[{"href":"https:\/\/opsycours.org\/index.php\/wp-json\/wp\/v2\/media?parent=37"}],"curies":[{"name":"wp","href":"https:\/\/api.w.org\/{rel}","templated":true}]}}