{"id":1798,"date":"2025-06-19T16:43:51","date_gmt":"2025-06-19T15:43:51","guid":{"rendered":"https:\/\/opsycours.org\/?page_id=1798"},"modified":"2025-06-19T17:09:34","modified_gmt":"2025-06-19T16:09:34","slug":"elementor-1798","status":"publish","type":"page","link":"https:\/\/opsycours.org\/index.php\/elementor-1798\/","title":{"rendered":"Ressources OPSYCOURS"},"content":{"rendered":"\t\t<div data-elementor-type=\"wp-page\" data-elementor-id=\"1798\" class=\"elementor elementor-1798\">\n\t\t\t\t\t\t<section class=\"elementor-section elementor-top-section elementor-element elementor-element-7adf716 elementor-section-boxed elementor-section-height-default elementor-section-height-default\" data-id=\"7adf716\" data-element_type=\"section\">\n\t\t\t\t\t\t<div class=\"elementor-container elementor-column-gap-default\">\n\t\t\t\t\t<div class=\"elementor-column elementor-col-100 elementor-top-column elementor-element elementor-element-11ba7b9\" data-id=\"11ba7b9\" data-element_type=\"column\">\n\t\t\t<div class=\"elementor-widget-wrap elementor-element-populated\">\n\t\t\t\t\t\t<div class=\"elementor-element elementor-element-dedc046 elementor-invisible elementor-widget elementor-widget-html\" data-id=\"dedc046\" data-element_type=\"widget\" data-settings=\"{&quot;_animation&quot;:&quot;fadeIn&quot;}\" data-widget_type=\"html.default\">\n\t\t\t\t<div class=\"elementor-widget-container\">\n\t\t\t\t\t<section class=\"ressources-opsycours\" style=\"padding: 40px; max-width: 1200px; margin: auto;\">\r\n  <h2 style=\"text-align: center; font-size: 2em; margin-bottom: 10px;\">Nos Ressources \u00e0 T\u00e9l\u00e9charger<\/h2>\r\n  <p style=\"text-align: center; font-size: 1em; color: #555; max-width: 800px; margin: 0 auto 40px auto;\">\r\n    Retrouvez ici tous les documents officiels, rapports, publications, fiches techniques et ressources produites par l\u2019association OPSYCOURS. Cliquez pour t\u00e9l\u00e9charger.\r\n  <\/p>\r\n\r\n  <div class=\"ressource-grid\" style=\"display: grid; grid-template-columns: repeat(auto-fit, minmax(280px, 1fr)); gap: 30px;\">\r\n    <!-- Carte ressource 1 -->\r\n    <div class=\"ressource-item\" style=\"border: 1px solid #ccc; border-radius: 10px; padding: 20px;\">\r\n      <h3 style=\"margin-top: 0;\">Statuts de l'association<\/h3>\r\n      <p style=\"font-size: 0.9em; color: #666;\">Document fondateur d\u00e9finissant la mission, les organes et les r\u00e8gles de fonctionnement d\u2019OPSYCOURS.<\/p>\r\n      <a href=\"https:\/\/opsycours.org\/wp-content\/uploads\/2025\/06\/STATUT-OPSYCOURS.pdf\" target=\"_blank\" style=\"color: #0073e6; text-decoration: underline;\">T\u00e9l\u00e9charger le PDF<\/a>\r\n    <\/div>\r\n\r\n    <!-- Carte ressource 2 -->\r\n    <div class=\"ressource-item\" style=\"border: 1px solid #ccc; border-radius: 10px; padding: 20px;\">\r\n      <h3>R\u00e8glement int\u00e9rieur<\/h3>\r\n      <p style=\"font-size: 0.9em; color: #666;\">R\u00e8gles internes applicables aux membres et au fonctionnement quotidien de l\u2019association.<\/p>\r\n      <a href=\"https:\/\/opsycours.org\/wp-content\/uploads\/2025\/06\/REGLEMENT-INTERIEUR-OPSYCOURS-1.pdf\" target=\"_blank\" style=\"color: #0073e6; text-decoration: underline;\">T\u00e9l\u00e9charger le PDF<\/a>\r\n    <\/div>\r\n\r\n    <!-- Carte ressource 3 -->\r\n    <div class=\"ressource-item\" style=\"border: 1px solid #ccc; border-radius: 10px; padding: 20px;\">\r\n      <h3>Rapport d'activit\u00e9 2024<\/h3>\r\n      <p style=\"font-size: 0.9em; color: #666;\">Bilan des missions, formations, actions humanitaires et r\u00e9sultats obtenus au cours de l\u2019ann\u00e9e 2024.<\/p>\r\n      <a href=\"\/docs\/rapport-activite-2024.pdf\" target=\"_blank\" style=\"color: #0073e6; text-decoration: underline;\">T\u00e9l\u00e9charger le PDF<\/a>\r\n    <\/div>\r\n\r\n    <!-- Carte ressource 4 -->\r\n    <div class=\"ressource-item\" style=\"border: 1px solid #ccc; border-radius: 10px; padding: 20px;\">\r\n      <h3>Guide OPSYCOURS d'intervention<\/h3>\r\n      <p style=\"font-size: 0.9em; color: #666;\">Manuel interne de r\u00e9ponse rapide aux urgences psychosociales, \u00e0 destination des intervenants de terrain.<\/p>\r\n      <a href=\"\/docs\/guide-intervention.pdf\" target=\"_blank\" style=\"color: #0073e6; text-decoration: underline;\">T\u00e9l\u00e9charger le PDF<\/a>\r\n    <\/div>\r\n\r\n    <!-- Carte ressource 5 -->\r\n    <div class=\"ressource-item\" style=\"border: 1px solid #ccc; border-radius: 10px; padding: 20px;\">\r\n      <h3>Fiche d'inscription 2025<\/h3>\r\n      <p style=\"font-size: 0.9em; color: #666;\">Fiche officielle \u00e0 compl\u00e9ter pour int\u00e9grer OPSYCOURS en tant que membre ou volontaire.<\/p>\r\n      <a href=\"\/docs\/fiche-inscription-2025.pdf\" target=\"_blank\" style=\"color: #0073e6; text-decoration: underline;\">T\u00e9l\u00e9charger le PDF<\/a>\r\n    <\/div>\r\n\r\n    <!-- Carte ressource 6 -->\r\n    <div class=\"ressource-item\" style=\"border: 1px solid #ccc; border-radius: 10px; padding: 20px;\">\r\n      <h3>Charte graphique<\/h3>\r\n      <p style=\"font-size: 0.9em; color: #666;\">Fichier de r\u00e9f\u00e9rence expliquant les couleurs, logos, typographies et identit\u00e9s visuelles \u00e0 respecter dans les communications.<\/p>\r\n      <a href=\"https:\/\/opsycours.org\/wp-content\/uploads\/2025\/06\/CHARTE-GRAPHIQUE-OPSYCOURS.pdf\" target=\"_blank\" style=\"color: #0073e6; text-decoration: underline;\">T\u00e9l\u00e9charger le PDF<\/a>\r\n    <\/div>\r\n  <\/div>\r\n<\/section>\r\n\t\t\t\t<\/div>\n\t\t\t\t<\/div>\n\t\t\t\t\t<\/div>\n\t\t<\/div>\n\t\t\t\t\t<\/div>\n\t\t<\/section>\n\t\t\t\t<\/div>\n\t\t","protected":false},"excerpt":{"rendered":"<p>Nos Ressources \u00e0 T\u00e9l\u00e9charger Retrouvez ici tous les documents officiels, rapports, publications, fiches techniques et ressources produites par l\u2019association OPSYCOURS. Cliquez pour t\u00e9l\u00e9charger. Statuts de l&#8217;association Document fondateur d\u00e9finissant la [&hellip;]<\/p>\n","protected":false},"author":1,"featured_media":0,"parent":0,"menu_order":0,"comment_status":"closed","ping_status":"closed","template":"","meta":{"om_disable_all_campaigns":false,"_monsterinsights_skip_tracking":false,"_monsterinsights_sitenote_active":false,"_monsterinsights_sitenote_note":"","_monsterinsights_sitenote_category":0,"_uf_show_specific_survey":0,"_uf_disable_surveys":false,"footnotes":""},"class_list":["post-1798","page","type-page","status-publish","hentry"],"aioseo_notices":[],"_links":{"self":[{"href":"https:\/\/opsycours.org\/index.php\/wp-json\/wp\/v2\/pages\/1798","targetHints":{"allow":["GET"]}}],"collection":[{"href":"https:\/\/opsycours.org\/index.php\/wp-json\/wp\/v2\/pages"}],"about":[{"href":"https:\/\/opsycours.org\/index.php\/wp-json\/wp\/v2\/types\/page"}],"author":[{"embeddable":true,"href":"https:\/\/opsycours.org\/index.php\/wp-json\/wp\/v2\/users\/1"}],"replies":[{"embeddable":true,"href":"https:\/\/opsycours.org\/index.php\/wp-json\/wp\/v2\/comments?post=1798"}],"version-history":[{"count":7,"href":"https:\/\/opsycours.org\/index.php\/wp-json\/wp\/v2\/pages\/1798\/revisions"}],"predecessor-version":[{"id":1812,"href":"https:\/\/opsycours.org\/index.php\/wp-json\/wp\/v2\/pages\/1798\/revisions\/1812"}],"wp:attachment":[{"href":"https:\/\/opsycours.org\/index.php\/wp-json\/wp\/v2\/media?parent=1798"}],"curies":[{"name":"wp","href":"https:\/\/api.w.org\/{rel}","templated":true}]}}