{"id":1747,"date":"2025-06-19T13:01:07","date_gmt":"2025-06-19T12:01:07","guid":{"rendered":"https:\/\/opsycours.org\/?page_id=1747"},"modified":"2025-06-19T13:36:26","modified_gmt":"2025-06-19T12:36:26","slug":"elementor-1747","status":"publish","type":"page","link":"https:\/\/opsycours.org\/index.php\/elementor-1747\/","title":{"rendered":"Donnation"},"content":{"rendered":"\t\t<div data-elementor-type=\"wp-page\" data-elementor-id=\"1747\" class=\"elementor elementor-1747\">\n\t\t\t\t\t\t<section class=\"elementor-section elementor-top-section elementor-element elementor-element-d4c73c4 elementor-section-boxed elementor-section-height-default elementor-section-height-default\" data-id=\"d4c73c4\" data-element_type=\"section\">\n\t\t\t\t\t\t<div class=\"elementor-container elementor-column-gap-default\">\n\t\t\t\t\t<div class=\"elementor-column elementor-col-100 elementor-top-column elementor-element elementor-element-1ef3d1f\" data-id=\"1ef3d1f\" data-element_type=\"column\">\n\t\t\t<div class=\"elementor-widget-wrap elementor-element-populated\">\n\t\t\t\t\t\t<div class=\"elementor-element elementor-element-0ca656c elementor-widget elementor-widget-image\" data-id=\"0ca656c\" data-element_type=\"widget\" data-widget_type=\"image.default\">\n\t\t\t\t<div class=\"elementor-widget-container\">\n\t\t\t\t\t\t\t\t\t\t\t\t\t\t\t<img fetchpriority=\"high\" decoding=\"async\" width=\"900\" height=\"246\" src=\"https:\/\/opsycours.org\/wp-content\/uploads\/2025\/06\/IMG_20241128_084538_752-Copy-rotated-e1750334836715-1024x280.jpg\" class=\"attachment-large size-large wp-image-1524\" alt=\"\" srcset=\"https:\/\/opsycours.org\/wp-content\/uploads\/2025\/06\/IMG_20241128_084538_752-Copy-rotated-e1750334836715-1024x280.jpg 1024w, https:\/\/opsycours.org\/wp-content\/uploads\/2025\/06\/IMG_20241128_084538_752-Copy-rotated-e1750334836715-768x210.jpg 768w, https:\/\/opsycours.org\/wp-content\/uploads\/2025\/06\/IMG_20241128_084538_752-Copy-rotated-e1750334836715-600x164.jpg 600w, https:\/\/opsycours.org\/wp-content\/uploads\/2025\/06\/IMG_20241128_084538_752-Copy-rotated-e1750334836715-1320x361.jpg 1320w, https:\/\/opsycours.org\/wp-content\/uploads\/2025\/06\/IMG_20241128_084538_752-Copy-rotated-e1750334836715.jpg 1920w\" sizes=\"(max-width: 900px) 100vw, 900px\" \/>\t\t\t\t\t\t\t\t\t\t\t\t\t\t\t<\/div>\n\t\t\t\t<\/div>\n\t\t\t\t\t<\/div>\n\t\t<\/div>\n\t\t\t\t\t<\/div>\n\t\t<\/section>\n\t\t\t\t<section class=\"elementor-section elementor-top-section elementor-element elementor-element-15a9ce46 elementor-section-boxed elementor-section-height-default elementor-section-height-default\" data-id=\"15a9ce46\" data-element_type=\"section\">\n\t\t\t\t\t\t<div class=\"elementor-container elementor-column-gap-default\">\n\t\t\t\t\t<div class=\"elementor-column elementor-col-100 elementor-top-column elementor-element elementor-element-5c511ec8\" data-id=\"5c511ec8\" data-element_type=\"column\">\n\t\t\t<div class=\"elementor-widget-wrap elementor-element-populated\">\n\t\t\t\t\t\t<div class=\"elementor-element elementor-element-60773a8e elementor-widget elementor-widget-heading\" data-id=\"60773a8e\" data-element_type=\"widget\" data-widget_type=\"heading.default\">\n\t\t\t\t<div class=\"elementor-widget-container\">\n\t\t\t\t\t<h2 class=\"elementor-heading-title elementor-size-xl\">Soutenez OPSYCOURS<\/h2>\t\t\t\t<\/div>\n\t\t\t\t<\/div>\n\t\t\t\t<div class=\"elementor-element elementor-element-6374dbc elementor-widget elementor-widget-text-editor\" data-id=\"6374dbc\" data-element_type=\"widget\" data-widget_type=\"text-editor.default\">\n\t\t\t\t<div class=\"elementor-widget-container\">\n\t\t\t\t\t\t\t\t\t<p>Chaque don contribue \u00e0 renforcer nos actions de soutien psychologique d\u2019urgence et de d\u00e9veloppement communautaire. Merci pour votre g\u00e9n\u00e9rosit\u00e9.<\/p>\t\t\t\t\t\t\t\t<\/div>\n\t\t\t\t<\/div>\n\t\t\t\t\t<\/div>\n\t\t<\/div>\n\t\t\t\t\t<\/div>\n\t\t<\/section>\n\t\t\t\t<section class=\"elementor-section elementor-top-section elementor-element elementor-element-9d6cbad elementor-section-boxed elementor-section-height-default elementor-section-height-default\" data-id=\"9d6cbad\" data-element_type=\"section\">\n\t\t\t\t\t\t<div class=\"elementor-container elementor-column-gap-default\">\n\t\t\t\t\t<div class=\"elementor-column elementor-col-100 elementor-top-column elementor-element elementor-element-65684d5\" data-id=\"65684d5\" data-element_type=\"column\">\n\t\t\t<div class=\"elementor-widget-wrap elementor-element-populated\">\n\t\t\t\t\t\t<div class=\"elementor-element elementor-element-81b4a11 elementor-widget elementor-widget-text-editor\" data-id=\"81b4a11\" data-element_type=\"widget\" data-widget_type=\"text-editor.default\">\n\t\t\t\t<div class=\"elementor-widget-container\">\n\t\t\t\t\t\t\t\t\t<h2><span style=\"text-decoration: underline;\"><strong data-start=\"686\" data-end=\"704\">Mobile Money :<\/strong><\/span><\/h2><ul data-start=\"707\" data-end=\"810\"><li data-start=\"707\" data-end=\"757\"><p data-start=\"709\" data-end=\"757\"><strong data-start=\"709\" data-end=\"736\">Orange Money (DAFIATOU)<\/strong> : +237 690 547 247<\/p><\/li><li data-start=\"758\" data-end=\"810\"><p data-start=\"760\" data-end=\"810\"><strong data-start=\"760\" data-end=\"791\">MTN Mobile Money (DAFIATOU)<\/strong> : +237 676 413 900<\/p><\/li><\/ul>\t\t\t\t\t\t\t\t<\/div>\n\t\t\t\t<\/div>\n\t\t\t\t<div class=\"elementor-element elementor-element-1fa7eb2f elementor-widget elementor-widget-text-editor\" data-id=\"1fa7eb2f\" data-element_type=\"widget\" data-widget_type=\"text-editor.default\">\n\t\t\t\t<div class=\"elementor-widget-container\">\n\t\t\t\t\t\t\t\t\t<h2><span style=\"text-decoration: underline;\"><strong data-start=\"376\" data-end=\"399\">Virement bancaire :<\/strong><\/span><\/h2><ul data-start=\"402\" data-end=\"676\"><li data-start=\"402\" data-end=\"438\"><p data-start=\"404\" data-end=\"438\"><strong data-start=\"404\" data-end=\"414\">Banque<\/strong> : Afriland First Bank<\/p><\/li><li data-start=\"439\" data-end=\"466\"><p data-start=\"441\" data-end=\"466\"><strong data-start=\"441\" data-end=\"456\">Code banque<\/strong> : 10005<\/p><\/li><li data-start=\"467\" data-end=\"495\"><p data-start=\"469\" data-end=\"495\"><strong data-start=\"469\" data-end=\"485\">Code guichet<\/strong> : 00018<\/p><\/li><li data-start=\"496\" data-end=\"530\"><p data-start=\"498\" data-end=\"530\"><strong data-start=\"498\" data-end=\"514\">N\u00b0 de compte<\/strong> : 07345761001<\/p><\/li><li data-start=\"531\" data-end=\"547\"><p data-start=\"533\" data-end=\"547\"><strong data-start=\"533\" data-end=\"540\">Cl\u00e9<\/strong> : 78<\/p><\/li><li data-start=\"548\" data-end=\"596\"><p data-start=\"550\" data-end=\"596\"><strong data-start=\"550\" data-end=\"558\">IBAN<\/strong> : CM21 10005 00018 07345761001 &#8211; 78<\/p><\/li><li data-start=\"597\" data-end=\"627\"><p data-start=\"599\" data-end=\"627\"><strong data-start=\"599\" data-end=\"614\">SWIFT \/ BIC<\/strong> : CCEICMCX<\/p><\/li><li data-start=\"628\" data-end=\"676\"><p data-start=\"630\" data-end=\"676\"><strong data-start=\"630\" data-end=\"652\">Intitul\u00e9 du compte<\/strong> : ASSOCIATION OPSYCOURS<\/p><\/li><\/ul>\t\t\t\t\t\t\t\t<\/div>\n\t\t\t\t<\/div>\n\t\t\t\t<div class=\"elementor-element elementor-element-53dd8904 elementor-align-center elementor-widget elementor-widget-button\" data-id=\"53dd8904\" data-element_type=\"widget\" data-widget_type=\"button.default\">\n\t\t\t\t<div class=\"elementor-widget-container\">\n\t\t\t\t\t\t\t\t\t<div class=\"elementor-button-wrapper\">\n\t\t\t\t\t<a class=\"elementor-button elementor-button-link elementor-size-sm\" href=\"https:\/\/www.paypal.com\/donate\/?hosted_button_id=DBX8VHAXNWN44\">\n\t\t\t\t\t\t<span class=\"elementor-button-content-wrapper\">\n\t\t\t\t\t\t<span class=\"elementor-button-icon\">\n\t\t\t\t<i aria-hidden=\"true\" class=\"fab fa-paypal\"><\/i>\t\t\t<\/span>\n\t\t\t\t\t\t\t\t\t<span class=\"elementor-button-text\">Faire un don par PayPal<\/span>\n\t\t\t\t\t<\/span>\n\t\t\t\t\t<\/a>\n\t\t\t\t<\/div>\n\t\t\t\t\t\t\t\t<\/div>\n\t\t\t\t<\/div>\n\t\t\t\t<div class=\"elementor-element elementor-element-3d5821f elementor-widget elementor-widget-heading\" data-id=\"3d5821f\" data-element_type=\"widget\" data-widget_type=\"heading.default\">\n\t\t\t\t<div class=\"elementor-widget-container\">\n\t\t\t\t\t<h2 class=\"elementor-heading-title elementor-size-default\">Formulaire de confirmation apr\u00e8s votre don<\/h2>\t\t\t\t<\/div>\n\t\t\t\t<\/div>\n\t\t\t\t<div class=\"elementor-element elementor-element-9faa35e elementor-widget elementor-widget-wpforms\" data-id=\"9faa35e\" data-element_type=\"widget\" data-widget_type=\"wpforms.default\">\n\t\t\t\t<div class=\"elementor-widget-container\">\n\t\t\t\t\t<div class=\"wpforms-container wpforms-container-full wpforms-render-modern\" id=\"wpforms-1749\"><form id=\"wpforms-form-1749\" class=\"wpforms-validate wpforms-form wpforms-ajax-form\" data-formid=\"1749\" method=\"post\" enctype=\"multipart\/form-data\" action=\"\/index.php\/wp-json\/wp\/v2\/pages\/1747\" data-token=\"b5b835035796934a99fcdb13a6484c32\" data-token-time=\"1777817662\"><noscript class=\"wpforms-error-noscript\">Veuillez activer JavaScript dans votre navigateur pour remplir ce formulaire.<\/noscript><div class=\"wpforms-hidden\" id=\"wpforms-error-noscript\">Veuillez activer JavaScript dans votre navigateur pour remplir ce formulaire.<\/div><div class=\"wpforms-field-container\"><div id=\"wpforms-1749-field_1-container\" class=\"wpforms-field wpforms-field-name\" data-field-id=\"1\"><fieldset><legend class=\"wpforms-field-label\">Nom <span class=\"wpforms-required-label\" aria-hidden=\"true\">*<\/span><\/legend><div class=\"wpforms-field-row wpforms-field-medium\"><div class=\"wpforms-field-row-block wpforms-first wpforms-one-half\"><input type=\"text\" id=\"wpforms-1749-field_1\" class=\"wpforms-field-name-first wpforms-field-required\" name=\"wpforms[fields][1][first]\" aria-errormessage=\"wpforms-1749-field_1-error\" aria-describedby=\"wpforms-1749-field_1-description\" required><label for=\"wpforms-1749-field_1\" class=\"wpforms-field-sublabel after\">Pr\u00e9nom<\/label><\/div><div class=\"wpforms-field-row-block wpforms-one-half\"><input type=\"text\" id=\"wpforms-1749-field_1-last\" class=\"wpforms-field-name-last wpforms-field-required\" name=\"wpforms[fields][1][last]\" aria-errormessage=\"wpforms-1749-field_1-last-error\" aria-describedby=\"wpforms-1749-field_1-description\" required><label for=\"wpforms-1749-field_1-last\" class=\"wpforms-field-sublabel after\">Nom<\/label><\/div><\/div><div id=\"wpforms-1749-field_1-description\" class=\"wpforms-field-description\">\ud83d\udc99 Merci pour votre don !\nPour nous aider \u00e0 assurer un bon suivi, vous pouvez \u00e9galement nous envoyer la preuve de votre don (facultatif) par WhatsApp au +237 670062157 ou par e-mail \u00e0 opsycours@gmail.com. \nUn grand merci pour votre engagement \u00e0 nos c\u00f4t\u00e9s.<\/div><\/fieldset><\/div><div id=\"wpforms-1749-field_4-container\" class=\"wpforms-field wpforms-field-number\" data-field-id=\"4\"><label class=\"wpforms-field-label\" for=\"wpforms-1749-field_4\">Montant donn\u00e9 <span class=\"wpforms-required-label\" aria-hidden=\"true\">*<\/span><\/label><input type=\"number\" id=\"wpforms-1749-field_4\" class=\"wpforms-field-medium wpforms-field-required\" name=\"wpforms[fields][4]\" step=\"any\" aria-errormessage=\"wpforms-1749-field_4-error\" required><\/div><div id=\"wpforms-1749-field_5-container\" class=\"wpforms-field wpforms-field-select wpforms-field-select-style-classic\" data-field-id=\"5\"><label class=\"wpforms-field-label\" for=\"wpforms-1749-field_5\">Mode de paiement <span class=\"wpforms-required-label\" aria-hidden=\"true\">*<\/span><\/label><select id=\"wpforms-1749-field_5\" class=\"wpforms-field-medium wpforms-field-required\" name=\"wpforms[fields][5]\" required=\"required\"><option value=\"\" class=\"placeholder\" disabled  selected='selected'>--- S\u00e9lectionner un choix ---<\/option><option value=\"Orange Money\" >Orange Money<\/option><option value=\"MTN Money\" >MTN Money<\/option><option value=\"Virement\" >Virement<\/option><option value=\"PayPal\" >PayPal<\/option><\/select><\/div>\t\t<div id=\"wpforms-1749-field_7-container\"\n\t\t\tclass=\"wpforms-field wpforms-field-text\"\n\t\t\tdata-field-type=\"text\"\n\t\t\tdata-field-id=\"7\"\n\t\t\t>\n\t\t\t<label class=\"wpforms-field-label\" for=\"wpforms-1749-field_7\" >Mode paiement E-mail<\/label>\n\t\t\t<input type=\"text\" id=\"wpforms-1749-field_7\" class=\"wpforms-field-medium\" name=\"wpforms[fields][7]\" >\n\t\t<\/div>\n\t\t<div id=\"wpforms-1749-field_6-container\" class=\"wpforms-field wpforms-field-text\" data-field-id=\"6\"><label class=\"wpforms-field-label\" for=\"wpforms-1749-field_6\">Date du don <span class=\"wpforms-required-label\" aria-hidden=\"true\">*<\/span><\/label><input type=\"text\" id=\"wpforms-1749-field_6\" class=\"wpforms-field-medium wpforms-field-required\" name=\"wpforms[fields][6]\" aria-errormessage=\"wpforms-1749-field_6-error\" required><\/div><div id=\"wpforms-1749-field_2-container\" class=\"wpforms-field wpforms-field-email\" data-field-id=\"2\"><label class=\"wpforms-field-label\" for=\"wpforms-1749-field_2\">E-mail <span class=\"wpforms-required-label\" aria-hidden=\"true\">*<\/span><\/label><input type=\"email\" id=\"wpforms-1749-field_2\" class=\"wpforms-field-medium wpforms-field-required\" name=\"wpforms[fields][2]\" spellcheck=\"false\" aria-errormessage=\"wpforms-1749-field_2-error\" required><\/div><div id=\"wpforms-1749-field_3-container\" class=\"wpforms-field wpforms-field-textarea\" data-field-id=\"3\"><label class=\"wpforms-field-label\" for=\"wpforms-1749-field_3\">Commentaire ou message<\/label><textarea id=\"wpforms-1749-field_3\" class=\"wpforms-field-medium\" name=\"wpforms[fields][3]\" aria-errormessage=\"wpforms-1749-field_3-error\" ><\/textarea><\/div><script>\n\t\t\t\t( function() {\n\t\t\t\t\tconst style = document.createElement( 'style' );\n\t\t\t\t\tstyle.appendChild( document.createTextNode( '#wpforms-1749-field_7-container { position: absolute !important; overflow: hidden !important; display: inline !important; height: 1px !important; width: 1px !important; z-index: -1000 !important; padding: 0 !important; } #wpforms-1749-field_7-container input { visibility: hidden; } #wpforms-conversational-form-page #wpforms-1749-field_7-container label { counter-increment: none; }' ) );\n\t\t\t\t\tdocument.head.appendChild( style );\n\t\t\t\t\tdocument.currentScript?.remove();\n\t\t\t\t} )();\n\t\t\t<\/script><\/div><!-- .wpforms-field-container --><div class=\"wpforms-submit-container\" ><input type=\"hidden\" name=\"wpforms[id]\" value=\"1749\"><input type=\"hidden\" name=\"page_title\" value=\"\"><input type=\"hidden\" name=\"page_url\" value=\"https:\/\/opsycours.org\/index.php\/wp-json\/wp\/v2\/pages\/1747\"><input type=\"hidden\" name=\"url_referer\" value=\"\"><button type=\"submit\" name=\"wpforms[submit]\" id=\"wpforms-submit-1749\" class=\"wpforms-submit\" data-alt-text=\"Envoi...\" data-submit-text=\"Envoyer\" aria-live=\"assertive\" value=\"wpforms-submit\">Envoyer<\/button><img decoding=\"async\" src=\"https:\/\/opsycours.org\/wp-content\/plugins\/wpforms-lite\/assets\/images\/submit-spin.svg\" class=\"wpforms-submit-spinner\" style=\"display: none;\" width=\"26\" height=\"26\" alt=\"Chargement en cours\"><\/div><\/form><\/div>  <!-- .wpforms-container -->\t\t\t\t<\/div>\n\t\t\t\t<\/div>\n\t\t\t\t\t<\/div>\n\t\t<\/div>\n\t\t\t\t\t<\/div>\n\t\t<\/section>\n\t\t\t\t<\/div>\n\t\t","protected":false},"excerpt":{"rendered":"<p>Soutenez OPSYCOURS Chaque don contribue \u00e0 renforcer nos actions de soutien psychologique d\u2019urgence et de d\u00e9veloppement communautaire. Merci pour votre g\u00e9n\u00e9rosit\u00e9. Mobile Money : Orange Money (DAFIATOU) : +237 690 [&hellip;]<\/p>\n","protected":false},"author":1,"featured_media":1524,"parent":0,"menu_order":0,"comment_status":"closed","ping_status":"closed","template":"","meta":{"om_disable_all_campaigns":false,"_monsterinsights_skip_tracking":false,"_monsterinsights_sitenote_active":false,"_monsterinsights_sitenote_note":"","_monsterinsights_sitenote_category":0,"_uf_show_specific_survey":0,"_uf_disable_surveys":false,"footnotes":""},"class_list":["post-1747","page","type-page","status-publish","has-post-thumbnail","hentry"],"aioseo_notices":[],"_links":{"self":[{"href":"https:\/\/opsycours.org\/index.php\/wp-json\/wp\/v2\/pages\/1747","targetHints":{"allow":["GET"]}}],"collection":[{"href":"https:\/\/opsycours.org\/index.php\/wp-json\/wp\/v2\/pages"}],"about":[{"href":"https:\/\/opsycours.org\/index.php\/wp-json\/wp\/v2\/types\/page"}],"author":[{"embeddable":true,"href":"https:\/\/opsycours.org\/index.php\/wp-json\/wp\/v2\/users\/1"}],"replies":[{"embeddable":true,"href":"https:\/\/opsycours.org\/index.php\/wp-json\/wp\/v2\/comments?post=1747"}],"version-history":[{"count":19,"href":"https:\/\/opsycours.org\/index.php\/wp-json\/wp\/v2\/pages\/1747\/revisions"}],"predecessor-version":[{"id":1774,"href":"https:\/\/opsycours.org\/index.php\/wp-json\/wp\/v2\/pages\/1747\/revisions\/1774"}],"wp:featuredmedia":[{"embeddable":true,"href":"https:\/\/opsycours.org\/index.php\/wp-json\/wp\/v2\/media\/1524"}],"wp:attachment":[{"href":"https:\/\/opsycours.org\/index.php\/wp-json\/wp\/v2\/media?parent=1747"}],"curies":[{"name":"wp","href":"https:\/\/api.w.org\/{rel}","templated":true}]}}