{"id":1723,"date":"2025-06-18T01:12:25","date_gmt":"2025-06-18T00:12:25","guid":{"rendered":"https:\/\/opsycours.org\/?page_id=1723"},"modified":"2025-06-18T01:17:10","modified_gmt":"2025-06-18T00:17:10","slug":"opsycours-a-yagoua","status":"publish","type":"page","link":"https:\/\/opsycours.org\/index.php\/opsycours-a-yagoua\/","title":{"rendered":"OPSYCOURS \u00e0 Yagoua"},"content":{"rendered":"\t\t<div data-elementor-type=\"wp-page\" data-elementor-id=\"1723\" class=\"elementor elementor-1723\">\n\t\t\t\t\t\t<section class=\"elementor-section elementor-top-section elementor-element elementor-element-c3bbba9 elementor-section-boxed elementor-section-height-default elementor-section-height-default\" data-id=\"c3bbba9\" data-element_type=\"section\" data-settings=\"{&quot;background_background&quot;:&quot;slideshow&quot;,&quot;background_slideshow_gallery&quot;:[{&quot;id&quot;:742,&quot;url&quot;:&quot;https:\\\/\\\/opsycours.org\\\/wp-content\\\/uploads\\\/2024\\\/03\\\/WhatsApp-Image-2024-03-18-at-8.56.30-PM.jpeg&quot;},{&quot;id&quot;:535,&quot;url&quot;:&quot;https:\\\/\\\/opsycours.org\\\/wp-content\\\/uploads\\\/2024\\\/03\\\/WhatsApp-Image-2024-03-06-at-12.17.15-PM.jpeg&quot;}],&quot;background_slideshow_ken_burns&quot;:&quot;yes&quot;,&quot;background_slideshow_loop&quot;:&quot;yes&quot;,&quot;background_slideshow_slide_duration&quot;:5000,&quot;background_slideshow_slide_transition&quot;:&quot;fade&quot;,&quot;background_slideshow_transition_duration&quot;:500,&quot;background_slideshow_ken_burns_zoom_direction&quot;:&quot;in&quot;}\">\n\t\t\t\t\t\t<div class=\"elementor-container elementor-column-gap-default\">\n\t\t\t\t\t<div class=\"elementor-column elementor-col-100 elementor-top-column elementor-element elementor-element-17db01b\" data-id=\"17db01b\" data-element_type=\"column\">\n\t\t\t<div class=\"elementor-widget-wrap elementor-element-populated\">\n\t\t\t\t\t\t<div class=\"elementor-element elementor-element-1b62ef9 elementor-widget elementor-widget-gva-heading-block\" data-id=\"1b62ef9\" data-element_type=\"widget\" data-widget_type=\"gva-heading-block.default\">\n\t\t\t\t<div class=\"elementor-widget-container\">\n\t\t\t\t\t<div class=\"gva-element-gva-heading-block gva-element\">   <div class=\"align-left style-1 widget gsc-heading box-align-left auto-responsive\">\r\n      <div class=\"content-inner\">\r\n         \r\n                  \r\n         <div class=\"sub-title\"><span class=\"tagline\">ARTICLE : <\/span><\/div>  \r\n         \r\n                     <h2 class=\"title\">\r\n               <span>Intervention d\u2019urgence psychologique de l\u2019Association OPSYCOURS \u00e0 Yagoua<\/span>\r\n            <\/h2>\r\n                  \r\n         \r\n         \r\n      <\/div>\r\n   <\/div>\r\n<\/div>\t\t\t\t<\/div>\n\t\t\t\t<\/div>\n\t\t\t\t\t<\/div>\n\t\t<\/div>\n\t\t\t\t\t<\/div>\n\t\t<\/section>\n\t\t\t\t<section class=\"elementor-section elementor-top-section elementor-element elementor-element-ea11e1e elementor-section-boxed elementor-section-height-default elementor-section-height-default\" data-id=\"ea11e1e\" data-element_type=\"section\">\n\t\t\t\t\t\t<div class=\"elementor-container elementor-column-gap-default\">\n\t\t\t\t\t<div class=\"elementor-column elementor-col-100 elementor-top-column elementor-element elementor-element-e80ce46\" data-id=\"e80ce46\" data-element_type=\"column\">\n\t\t\t<div class=\"elementor-widget-wrap elementor-element-populated\">\n\t\t\t\t\t\t<div class=\"elementor-element elementor-element-d7b1444 elementor-widget elementor-widget-text-editor\" data-id=\"d7b1444\" data-element_type=\"widget\" data-widget_type=\"text-editor.default\">\n\t\t\t\t<div class=\"elementor-widget-container\">\n\t\t\t\t\t\t\t\t\t<p data-pm-slice=\"1 1 []\"><em>&#8220;Quand les eaux montent, les \u00e2mes s&#8217;effondrent. Mais \u00e0 Yagoua, OPSYCOURS \u00e9tait l\u00e0 pour tendre la main.&#8221;<\/em><\/p><h3>Une inondation, des centaines de traumatismes invisibles<\/h3><p>La ville de Yagoua, dans l\u2019Extr\u00eame-Nord du Cameroun, a \u00e9t\u00e9 durement touch\u00e9e par les inondations de 2024. 200 000 personnes affect\u00e9es, 103 000 hectares de cultures an\u00e9antis, 11 morts, des dizaines d\u2019\u00e9coles inond\u00e9es, 8 000 maisons d\u00e9truites\u2026 Au-del\u00e0 des chiffres, ce sont des vies bris\u00e9es, des rep\u00e8res perdus, des douleurs silencieuses.<\/p><p>Face \u00e0 l\u2019ampleur de la crise humanitaire et psychosociale, l\u2019Association OPSYCOURS a d\u00e9ploy\u00e9 une \u00e9quipe d\u2019intervenants en sant\u00e9 mentale pour offrir un soutien psychologique d\u2019urgence aux sinistr\u00e9s, du 23 au 27 septembre 2024.<\/p>\t\t\t\t\t\t\t\t<\/div>\n\t\t\t\t<\/div>\n\t\t\t\t\t<\/div>\n\t\t<\/div>\n\t\t\t\t\t<\/div>\n\t\t<\/section>\n\t\t\t\t<section class=\"elementor-section elementor-top-section elementor-element elementor-element-8d4df59 elementor-section-boxed elementor-section-height-default elementor-section-height-default\" data-id=\"8d4df59\" data-element_type=\"section\">\n\t\t\t\t\t\t<div class=\"elementor-container elementor-column-gap-default\">\n\t\t\t\t\t<div class=\"elementor-column elementor-col-100 elementor-top-column elementor-element elementor-element-1780d87\" data-id=\"1780d87\" data-element_type=\"column\">\n\t\t\t<div class=\"elementor-widget-wrap elementor-element-populated\">\n\t\t\t\t\t\t<div class=\"elementor-element elementor-element-11c3288 elementor-widget elementor-widget-text-editor\" data-id=\"11c3288\" data-element_type=\"widget\" data-widget_type=\"text-editor.default\">\n\t\t\t\t<div class=\"elementor-widget-container\">\n\t\t\t\t\t\t\t\t\t<h3 data-pm-slice=\"1 3 []\">Une approche humaine, communautaire et pragmatique<\/h3><p>Pendant cinq jours, les psychologues d\u2019OPSYCOURS ont \u00e9cout\u00e9, apais\u00e9, form\u00e9, r\u00e9confort\u00e9. L\u2019intervention s\u2019est articul\u00e9e autour de six axes :<\/p><ul data-spread=\"true\"><li><p><strong>Premiers Secours Psychologiques<\/strong> : 300 sinistr\u00e9s ont re\u00e7u un soutien \u00e9motionnel d\u2019urgence dans des espaces s\u00fbrs, souvent improvis\u00e9s sous les arbres ou dans les salles de classe endommag\u00e9es.<\/p><\/li><li><p><strong>Groupes d\u2019\u00e9coute communautaire<\/strong> : Des s\u00e9ances collectives ont permis \u00e0 chacun de partager ses peurs, ses pertes, mais aussi son courage. Une mani\u00e8re de transformer la douleur en lien social.<\/p><\/li><li><p><strong>Activit\u00e9s ludiques pour enfants<\/strong> : 100 enfants ont pu dessiner, rire, parler et jouer. Car gu\u00e9rir, c\u2019est aussi retrouver son insouciance.<\/p><\/li><li><p><strong>Formation de 20 leaders communautaires<\/strong> : Pasteurs, enseignants, chefs de quartier ont \u00e9t\u00e9 outill\u00e9s aux gestes simples qui sauvent une sant\u00e9 mentale. Leur mission : prolonger l\u2019impact de l\u2019intervention.<\/p><\/li><li><p><strong>Sensibilisation massive<\/strong> : Plus de 500 habitants ont \u00e9t\u00e9 inform\u00e9s sur les signes de d\u00e9tresse psychologique, la n\u00e9cessit\u00e9 d\u2019en parler, et les solutions disponibles.<\/p><\/li><li><p><strong>Evaluation des besoins psychosociaux<\/strong> : Une cartographie des urgences a \u00e9t\u00e9 dress\u00e9e pour orienter les prochaines actions.<\/p><\/li><\/ul>\t\t\t\t\t\t\t\t<\/div>\n\t\t\t\t<\/div>\n\t\t\t\t\t<\/div>\n\t\t<\/div>\n\t\t\t\t\t<\/div>\n\t\t<\/section>\n\t\t\t\t<section class=\"elementor-section elementor-top-section elementor-element elementor-element-11d1961 elementor-section-boxed elementor-section-height-default elementor-section-height-default\" data-id=\"11d1961\" data-element_type=\"section\">\n\t\t\t\t\t\t<div class=\"elementor-container elementor-column-gap-default\">\n\t\t\t\t\t<div class=\"elementor-column elementor-col-100 elementor-top-column elementor-element elementor-element-e4326bc\" data-id=\"e4326bc\" data-element_type=\"column\">\n\t\t\t<div class=\"elementor-widget-wrap elementor-element-populated\">\n\t\t\t\t\t\t<div class=\"elementor-element elementor-element-a3f6246 elementor-widget elementor-widget-text-editor\" data-id=\"a3f6246\" data-element_type=\"widget\" data-widget_type=\"text-editor.default\">\n\t\t\t\t<div class=\"elementor-widget-container\">\n\t\t\t\t\t\t\t\t\t<h3 data-pm-slice=\"1 1 []\">Une mobilisation locale exemplaire<\/h3><p>L\u2019op\u00e9ration n\u2019aurait pas \u00e9t\u00e9 possible sans le soutien des autorit\u00e9s administratives locales, des chefs traditionnels et des associations de quartier. Ensemble, ils ont prouv\u00e9 que la sant\u00e9 mentale n\u2019est plus un luxe, mais une urgence.<\/p><p>Comme l\u2019a dit une sinistr\u00e9e rencontr\u00e9e sur place : <em>&#8220;Ils ont parl\u00e9 avec moi. Pour la premi\u00e8re fois depuis les inondations, j\u2019ai pleur\u00e9 sans honte.&#8221;<\/em><\/p><h3>\u00a0<\/h3><div><hr \/><\/div>\t\t\t\t\t\t\t\t<\/div>\n\t\t\t\t<\/div>\n\t\t\t\t\t<\/div>\n\t\t<\/div>\n\t\t\t\t\t<\/div>\n\t\t<\/section>\n\t\t\t\t<section class=\"elementor-section elementor-top-section elementor-element elementor-element-6f1dd5c elementor-section-boxed elementor-section-height-default elementor-section-height-default\" data-id=\"6f1dd5c\" data-element_type=\"section\">\n\t\t\t\t\t\t<div class=\"elementor-container elementor-column-gap-default\">\n\t\t\t\t\t<div class=\"elementor-column elementor-col-100 elementor-top-column elementor-element elementor-element-18f3f8e\" data-id=\"18f3f8e\" data-element_type=\"column\">\n\t\t\t<div class=\"elementor-widget-wrap elementor-element-populated\">\n\t\t\t\t\t\t<div class=\"elementor-element elementor-element-8869440 elementor-widget elementor-widget-text-editor\" data-id=\"8869440\" data-element_type=\"widget\" data-widget_type=\"text-editor.default\">\n\t\t\t\t<div class=\"elementor-widget-container\">\n\t\t\t\t\t\t\t\t\t<h3 data-pm-slice=\"1 1 []\">COURS, au plus pr\u00e8s des douleurs invisibles<\/h3><p>Par cette intervention \u00e0 Yagoua, OPSYCOURS affirme une nouvelle fois sa mission : offrir un accompagnement psychologique sans \u00e9tiquette, au plus pr\u00e8s des drames humains. Dans un contexte o\u00f9 les d\u00e9g\u00e2ts visibles prennent souvent toute la place, cette action rappelle que <em>&#8220;la d\u00e9tresse ne se voit pas toujours, mais elle se soigne.&#8221;<\/em><\/p><p>D&#8217;autres interventions sont \u00e0 venir. Car tant qu&#8217;il y aura des urgences, <em>&#8220;Oh psy court !&#8221;<\/em>.<\/p>\t\t\t\t\t\t\t\t<\/div>\n\t\t\t\t<\/div>\n\t\t\t\t\t<\/div>\n\t\t<\/div>\n\t\t\t\t\t<\/div>\n\t\t<\/section>\n\t\t\t\t<\/div>\n\t\t","protected":false},"excerpt":{"rendered":"<p>ARTICLE : Intervention d\u2019urgence psychologique de l\u2019Association OPSYCOURS \u00e0 Yagoua &#8220;Quand les eaux montent, les \u00e2mes s&#8217;effondrent. Mais \u00e0 Yagoua, OPSYCOURS \u00e9tait l\u00e0 pour tendre la main.&#8221; Une inondation, des [&hellip;]<\/p>\n","protected":false},"author":1,"featured_media":0,"parent":0,"menu_order":0,"comment_status":"closed","ping_status":"closed","template":"","meta":{"om_disable_all_campaigns":false,"_monsterinsights_skip_tracking":false,"_monsterinsights_sitenote_active":false,"_monsterinsights_sitenote_note":"","_monsterinsights_sitenote_category":0,"_uf_show_specific_survey":0,"_uf_disable_surveys":false,"footnotes":""},"class_list":["post-1723","page","type-page","status-publish","hentry"],"aioseo_notices":[],"_links":{"self":[{"href":"https:\/\/opsycours.org\/index.php\/wp-json\/wp\/v2\/pages\/1723","targetHints":{"allow":["GET"]}}],"collection":[{"href":"https:\/\/opsycours.org\/index.php\/wp-json\/wp\/v2\/pages"}],"about":[{"href":"https:\/\/opsycours.org\/index.php\/wp-json\/wp\/v2\/types\/page"}],"author":[{"embeddable":true,"href":"https:\/\/opsycours.org\/index.php\/wp-json\/wp\/v2\/users\/1"}],"replies":[{"embeddable":true,"href":"https:\/\/opsycours.org\/index.php\/wp-json\/wp\/v2\/comments?post=1723"}],"version-history":[{"count":3,"href":"https:\/\/opsycours.org\/index.php\/wp-json\/wp\/v2\/pages\/1723\/revisions"}],"predecessor-version":[{"id":1730,"href":"https:\/\/opsycours.org\/index.php\/wp-json\/wp\/v2\/pages\/1723\/revisions\/1730"}],"wp:attachment":[{"href":"https:\/\/opsycours.org\/index.php\/wp-json\/wp\/v2\/media?parent=1723"}],"curies":[{"name":"wp","href":"https:\/\/api.w.org\/{rel}","templated":true}]}}