{"id":1719,"date":"2025-06-17T23:59:45","date_gmt":"2025-06-17T22:59:45","guid":{"rendered":"https:\/\/opsycours.org\/?page_id=1719"},"modified":"2025-06-18T00:42:16","modified_gmt":"2025-06-17T23:42:16","slug":"chazu-2025-maroua_-quand-le-mental-prend-aussi-le-depart","status":"publish","type":"page","link":"https:\/\/opsycours.org\/index.php\/chazu-2025-maroua_-quand-le-mental-prend-aussi-le-depart\/","title":{"rendered":"CHAZU 2025 \u2013 Maroua_ Quand le mental prend aussi le d\u00e9part\u2026"},"content":{"rendered":"\t\t<div data-elementor-type=\"wp-page\" data-elementor-id=\"1719\" class=\"elementor elementor-1719\">\n\t\t\t\t\t\t<section class=\"elementor-section elementor-top-section elementor-element elementor-element-c3bbba9 elementor-section-boxed elementor-section-height-default elementor-section-height-default\" data-id=\"c3bbba9\" data-element_type=\"section\" data-settings=\"{&quot;background_background&quot;:&quot;slideshow&quot;,&quot;background_slideshow_gallery&quot;:[{&quot;id&quot;:1079,&quot;url&quot;:&quot;https:\\\/\\\/opsycours.org\\\/wp-content\\\/uploads\\\/2023\\\/01\\\/WhatsApp-Image-2024-03-27-at-1.35.09-PM.jpeg&quot;},{&quot;id&quot;:539,&quot;url&quot;:&quot;https:\\\/\\\/opsycours.org\\\/wp-content\\\/uploads\\\/2024\\\/03\\\/WhatsApp-Image-2024-03-06-at-12.17.17-PM.jpeg&quot;}],&quot;background_slideshow_ken_burns&quot;:&quot;yes&quot;,&quot;background_slideshow_loop&quot;:&quot;yes&quot;,&quot;background_slideshow_slide_duration&quot;:5000,&quot;background_slideshow_slide_transition&quot;:&quot;fade&quot;,&quot;background_slideshow_transition_duration&quot;:500,&quot;background_slideshow_ken_burns_zoom_direction&quot;:&quot;in&quot;}\">\n\t\t\t\t\t\t<div class=\"elementor-container elementor-column-gap-default\">\n\t\t\t\t\t<div class=\"elementor-column elementor-col-100 elementor-top-column elementor-element elementor-element-17db01b\" data-id=\"17db01b\" data-element_type=\"column\">\n\t\t\t<div class=\"elementor-widget-wrap elementor-element-populated\">\n\t\t\t\t\t\t<div class=\"elementor-element elementor-element-1b62ef9 elementor-widget elementor-widget-gva-heading-block\" data-id=\"1b62ef9\" data-element_type=\"widget\" data-widget_type=\"gva-heading-block.default\">\n\t\t\t\t<div class=\"elementor-widget-container\">\n\t\t\t\t\t<div class=\"gva-element-gva-heading-block gva-element\">   <div class=\"align-left style-1 widget gsc-heading box-align-left auto-responsive\">\r\n      <div class=\"content-inner\">\r\n         \r\n                  \r\n           \r\n         \r\n                     <h2 class=\"title\">\r\n               <span>CHAZU 2025 \u2013 Maroua | Quand le mental prend aussi le d\u00e9part\u2026<\/span>\r\n            <\/h2>\r\n                  \r\n         \r\n         \r\n      <\/div>\r\n   <\/div>\r\n<\/div>\t\t\t\t<\/div>\n\t\t\t\t<\/div>\n\t\t\t\t\t<\/div>\n\t\t<\/div>\n\t\t\t\t\t<\/div>\n\t\t<\/section>\n\t\t\t\t<section class=\"elementor-section elementor-top-section elementor-element elementor-element-546b657 elementor-section-boxed elementor-section-height-default elementor-section-height-default\" data-id=\"546b657\" data-element_type=\"section\">\n\t\t\t\t\t\t<div class=\"elementor-container elementor-column-gap-default\">\n\t\t\t\t\t<div class=\"elementor-column elementor-col-100 elementor-top-column elementor-element elementor-element-828680b\" data-id=\"828680b\" data-element_type=\"column\">\n\t\t\t<div class=\"elementor-widget-wrap elementor-element-populated\">\n\t\t\t\t\t\t<div class=\"elementor-element elementor-element-617bfd3 elementor-widget elementor-widget-text-editor\" data-id=\"617bfd3\" data-element_type=\"widget\" data-widget_type=\"text-editor.default\">\n\t\t\t\t<div class=\"elementor-widget-container\">\n\t\t\t\t\t\t\t\t\t<p><strong data-start=\"355\" data-end=\"399\">Universit\u00e9 de Maroua \u2013 27 au 31 mai 2025<\/strong><br data-start=\"399\" data-end=\"402\" \/>Organis\u00e9 dans le cadre du <strong data-start=\"431\" data-end=\"483\">Championnat Zonal Universitaire (CHAZU) \u2013 Zone A<\/strong>, cet \u00e9v\u00e9nement sportif majeur a rassembl\u00e9 des centaines d\u2019athl\u00e8tes venus du Septentrion camerounais. Et pour la premi\u00e8re fois, <strong data-start=\"611\" data-end=\"662\">la sant\u00e9 mentale y a fait une entr\u00e9e remarqu\u00e9e.<\/strong><\/p>\t\t\t\t\t\t\t\t<\/div>\n\t\t\t\t<\/div>\n\t\t\t\t\t<\/div>\n\t\t<\/div>\n\t\t\t\t\t<\/div>\n\t\t<\/section>\n\t\t\t\t<section class=\"elementor-section elementor-top-section elementor-element elementor-element-4868279 elementor-section-boxed elementor-section-height-default elementor-section-height-default\" data-id=\"4868279\" data-element_type=\"section\">\n\t\t\t\t\t\t<div class=\"elementor-container elementor-column-gap-default\">\n\t\t\t\t\t<div class=\"elementor-column elementor-col-100 elementor-top-column elementor-element elementor-element-7530f25\" data-id=\"7530f25\" data-element_type=\"column\">\n\t\t\t<div class=\"elementor-widget-wrap elementor-element-populated\">\n\t\t\t\t\t\t<div class=\"elementor-element elementor-element-f1bdf34 elementor-widget elementor-widget-text-editor\" data-id=\"f1bdf34\" data-element_type=\"widget\" data-widget_type=\"text-editor.default\">\n\t\t\t\t<div class=\"elementor-widget-container\">\n\t\t\t\t\t\t\t\t\t<p data-start=\"298\" data-end=\"489\">Lors du <strong data-start=\"306\" data-end=\"350\">Championnat Zonal Universitaire \u2013 Zone A<\/strong>, tenu \u00e0 l\u2019Universit\u00e9 de Maroua, OPSYCOURS s\u2019est impos\u00e9 comme un acteur incontournable\u2026 l\u00e0 o\u00f9 on ne l\u2019attendait pas : au c\u0153ur des \u00e9motions.<\/p><p>\u00a0<\/p><p data-start=\"491\" data-end=\"758\">Dans un contexte de comp\u00e9tition, de pression et d\u2019adr\u00e9naline, notre \u00e9quipe a mis en place une <strong data-start=\"585\" data-end=\"648\">clinique mobile de sant\u00e9 mentale et de soutien psychosocial<\/strong>, offrant un espace d\u2019\u00e9coute, de sensibilisation et de repos aux athl\u00e8tes, encadreurs, visiteurs et b\u00e9n\u00e9voles.<\/p>\t\t\t\t\t\t\t\t<\/div>\n\t\t\t\t<\/div>\n\t\t\t\t\t<\/div>\n\t\t<\/div>\n\t\t\t\t\t<\/div>\n\t\t<\/section>\n\t\t\t\t<section class=\"elementor-section elementor-top-section elementor-element elementor-element-d9a4e6a elementor-section-boxed elementor-section-height-default elementor-section-height-default\" data-id=\"d9a4e6a\" data-element_type=\"section\">\n\t\t\t\t\t\t<div class=\"elementor-container elementor-column-gap-default\">\n\t\t\t\t\t<div class=\"elementor-column elementor-col-100 elementor-top-column elementor-element elementor-element-2ab60d8\" data-id=\"2ab60d8\" data-element_type=\"column\">\n\t\t\t<div class=\"elementor-widget-wrap elementor-element-populated\">\n\t\t\t\t\t\t<div class=\"elementor-element elementor-element-2195e0b elementor-widget elementor-widget-text-editor\" data-id=\"2195e0b\" data-element_type=\"widget\" data-widget_type=\"text-editor.default\">\n\t\t\t\t<div class=\"elementor-widget-container\">\n\t\t\t\t\t\t\t\t\t<h3 data-start=\"669\" data-end=\"703\">Une premi\u00e8re pour OPSYCOURS<\/h3><p data-start=\"705\" data-end=\"973\">Durant cinq jours, <strong data-start=\"724\" data-end=\"789\">notre \u00e9quipe de psychologues, b\u00e9n\u00e9voles et jeunes volontaires<\/strong> a d\u00e9ploy\u00e9 une <strong data-start=\"804\" data-end=\"847\">clinique mobile de soutien psychosocial<\/strong>, afin de r\u00e9pondre aux enjeux invisibles mais bien r\u00e9els de la comp\u00e9tition : stress, pression, solitude, surmenage \u00e9motionnel.<\/p><blockquote data-start=\"975\" data-end=\"1123\"><p data-start=\"977\" data-end=\"1123\">\ud83c\udf99\ufe0f <em data-start=\"981\" data-end=\"1123\">\u00ab On s\u2019attendait \u00e0 des cris de victoire. On a aussi entendu des silences lourds. Des chutes int\u00e9rieures. Et l\u00e0, OPSYCOURS a tendu la main. \u00bb<\/em><\/p><\/blockquote>\t\t\t\t\t\t\t\t<\/div>\n\t\t\t\t<\/div>\n\t\t\t\t\t<\/div>\n\t\t<\/div>\n\t\t\t\t\t<\/div>\n\t\t<\/section>\n\t\t\t\t<section class=\"elementor-section elementor-top-section elementor-element elementor-element-699b020 elementor-section-boxed elementor-section-height-default elementor-section-height-default\" data-id=\"699b020\" data-element_type=\"section\">\n\t\t\t\t\t\t<div class=\"elementor-container elementor-column-gap-default\">\n\t\t\t\t\t<div class=\"elementor-column elementor-col-50 elementor-top-column elementor-element elementor-element-9829032\" data-id=\"9829032\" data-element_type=\"column\">\n\t\t\t<div class=\"elementor-widget-wrap elementor-element-populated\">\n\t\t\t\t\t\t<div class=\"elementor-element elementor-element-2eccc95 elementor-widget elementor-widget-image\" data-id=\"2eccc95\" data-element_type=\"widget\" data-widget_type=\"image.default\">\n\t\t\t\t<div class=\"elementor-widget-container\">\n\t\t\t\t\t\t\t\t\t\t\t\t\t\t\t<img fetchpriority=\"high\" decoding=\"async\" width=\"900\" height=\"675\" src=\"https:\/\/opsycours.org\/wp-content\/uploads\/2025\/06\/WhatsApp-Image-2025-05-30-at-17.30.03_43d2ff62-1.jpg\" class=\"attachment-large size-large wp-image-1416\" alt=\"\" srcset=\"https:\/\/opsycours.org\/wp-content\/uploads\/2025\/06\/WhatsApp-Image-2025-05-30-at-17.30.03_43d2ff62-1.jpg 1016w, https:\/\/opsycours.org\/wp-content\/uploads\/2025\/06\/WhatsApp-Image-2025-05-30-at-17.30.03_43d2ff62-1-768x576.jpg 768w, https:\/\/opsycours.org\/wp-content\/uploads\/2025\/06\/WhatsApp-Image-2025-05-30-at-17.30.03_43d2ff62-1-600x450.jpg 600w\" sizes=\"(max-width: 900px) 100vw, 900px\" \/>\t\t\t\t\t\t\t\t\t\t\t\t\t\t\t<\/div>\n\t\t\t\t<\/div>\n\t\t\t\t\t<\/div>\n\t\t<\/div>\n\t\t\t\t<div class=\"elementor-column elementor-col-50 elementor-top-column elementor-element elementor-element-c0ce3e4\" data-id=\"c0ce3e4\" data-element_type=\"column\">\n\t\t\t<div class=\"elementor-widget-wrap elementor-element-populated\">\n\t\t\t\t\t\t<div class=\"elementor-element elementor-element-c7a2f08 elementor-widget elementor-widget-text-editor\" data-id=\"c7a2f08\" data-element_type=\"widget\" data-widget_type=\"text-editor.default\">\n\t\t\t\t<div class=\"elementor-widget-container\">\n\t\t\t\t\t\t\t\t\t<h3 data-start=\"765\" data-end=\"797\">Nos actions sur le terrain<\/h3><p data-start=\"799\" data-end=\"1463\">\ud83d\udd39 <strong data-start=\"802\" data-end=\"822\">50 jeunes form\u00e9s<\/strong> en sant\u00e9 mentale, premiers secours psychologiques et gestion du stress<br data-start=\"893\" data-end=\"896\" \/>\ud83d\udd39 Un <strong data-start=\"902\" data-end=\"932\">stand vivant et interactif<\/strong>, v\u00e9ritable havre de calme au milieu de l\u2019agitation<br data-start=\"983\" data-end=\"986\" \/>\ud83d\udd39 Des <strong data-start=\"993\" data-end=\"1031\">interventions mobiles quotidiennes<\/strong> dans les couloirs du campus pour aller \u00e0 la rencontre des personnes en d\u00e9tresse<br data-start=\"1111\" data-end=\"1114\" \/>\ud83d\udd39 <strong data-start=\"1117\" data-end=\"1148\">400 personnes sensibilis\u00e9es<\/strong> \u00e0 l\u2019importance du bien-\u00eatre mental et \u00e0 la pr\u00e9vention des consommations \u00e0 risque<br data-start=\"1229\" data-end=\"1232\" \/>\ud83d\udd39 <strong data-start=\"1235\" data-end=\"1284\">18 consultations psychologiques individuelles<\/strong> men\u00e9es, principalement autour de l\u2019anxi\u00e9t\u00e9, du stress et des d\u00e9ceptions affectives<br data-start=\"1367\" data-end=\"1370\" \/>\ud83d\udd39 <strong data-start=\"1373\" data-end=\"1408\">43 accompagnements pr\u00e9-test VIH<\/strong>, dans le cadre de notre approche int\u00e9gr\u00e9e du bien-\u00eatre<\/p>\t\t\t\t\t\t\t\t<\/div>\n\t\t\t\t<\/div>\n\t\t\t\t\t<\/div>\n\t\t<\/div>\n\t\t\t\t\t<\/div>\n\t\t<\/section>\n\t\t\t\t<section class=\"elementor-section elementor-top-section elementor-element elementor-element-6ad1132 elementor-section-boxed elementor-section-height-default elementor-section-height-default\" data-id=\"6ad1132\" data-element_type=\"section\">\n\t\t\t\t\t\t<div class=\"elementor-container elementor-column-gap-default\">\n\t\t\t\t\t<div class=\"elementor-column elementor-col-100 elementor-top-column elementor-element elementor-element-31c16cd\" data-id=\"31c16cd\" data-element_type=\"column\">\n\t\t\t<div class=\"elementor-widget-wrap elementor-element-populated\">\n\t\t\t\t\t\t<div class=\"elementor-element elementor-element-d8dcdab elementor-widget elementor-widget-text-editor\" data-id=\"d8dcdab\" data-element_type=\"widget\" data-widget_type=\"text-editor.default\">\n\t\t\t\t<div class=\"elementor-widget-container\">\n\t\t\t\t\t\t\t\t\t<h3 data-start=\"2103\" data-end=\"2144\">Un autre regard sur la performance<\/h3><p data-start=\"2146\" data-end=\"2371\">Le pari \u00e9tait audacieux : <strong data-start=\"2172\" data-end=\"2240\">trouver une place pour la vuln\u00e9rabilit\u00e9 au sein du monde sportif<\/strong>. Et le pari a \u00e9t\u00e9 relev\u00e9. Gr\u00e2ce \u00e0 l\u2019\u00e9nergie de nos \u00e9quipes et \u00e0 l\u2019ouverture des organisateurs, <strong data-start=\"2336\" data-end=\"2371\">le mental est sorti de l\u2019ombre.<\/strong><\/p><p>\u00a0<\/p><p data-start=\"2373\" data-end=\"2460\">Ce n\u2019\u00e9tait plus seulement une comp\u00e9tition. C\u2019\u00e9tait aussi <strong data-start=\"2433\" data-end=\"2460\">une exp\u00e9rience humaine.<\/strong><\/p>\t\t\t\t\t\t\t\t<\/div>\n\t\t\t\t<\/div>\n\t\t\t\t\t<\/div>\n\t\t<\/div>\n\t\t\t\t\t<\/div>\n\t\t<\/section>\n\t\t\t\t<section class=\"elementor-section elementor-top-section elementor-element elementor-element-44e6732 elementor-section-boxed elementor-section-height-default elementor-section-height-default\" data-id=\"44e6732\" data-element_type=\"section\">\n\t\t\t\t\t\t<div class=\"elementor-container elementor-column-gap-default\">\n\t\t\t\t\t<div class=\"elementor-column elementor-col-100 elementor-top-column elementor-element elementor-element-224a483\" data-id=\"224a483\" data-element_type=\"column\">\n\t\t\t<div class=\"elementor-widget-wrap elementor-element-populated\">\n\t\t\t\t\t\t<div class=\"elementor-element elementor-element-57020e5 elementor-widget elementor-widget-text-editor\" data-id=\"57020e5\" data-element_type=\"widget\" data-widget_type=\"text-editor.default\">\n\t\t\t\t<div class=\"elementor-widget-container\">\n\t\t\t\t\t\t\t\t\t<p><strong>\u00ab\u202fOH PSY COURT !\u202f\u00bb<\/strong><\/p>\t\t\t\t\t\t\t\t<\/div>\n\t\t\t\t<\/div>\n\t\t\t\t\t<\/div>\n\t\t<\/div>\n\t\t\t\t\t<\/div>\n\t\t<\/section>\n\t\t\t\t<section class=\"elementor-section elementor-top-section elementor-element elementor-element-f8763d9 elementor-section-boxed elementor-section-height-default elementor-section-height-default\" data-id=\"f8763d9\" data-element_type=\"section\">\n\t\t\t\t\t\t<div class=\"elementor-container elementor-column-gap-default\">\n\t\t\t\t\t<div class=\"elementor-column elementor-col-100 elementor-top-column elementor-element elementor-element-181464e\" data-id=\"181464e\" data-element_type=\"column\">\n\t\t\t<div class=\"elementor-widget-wrap elementor-element-populated\">\n\t\t\t\t\t\t<div class=\"elementor-element elementor-element-03d4c7c elementor-widget__width-initial elementor-widget elementor-widget-button\" data-id=\"03d4c7c\" data-element_type=\"widget\" data-widget_type=\"button.default\">\n\t\t\t\t<div class=\"elementor-widget-container\">\n\t\t\t\t\t\t\t\t\t<div class=\"elementor-button-wrapper\">\n\t\t\t\t\t<a class=\"elementor-button elementor-button-link elementor-size-sm\" href=\"https:\/\/opsycours.org\/index.php\/galerie\/\">\n\t\t\t\t\t\t<span class=\"elementor-button-content-wrapper\">\n\t\t\t\t\t\t\t\t\t<span class=\"elementor-button-text\">\ud83d\udcf8 Voir la galerie<\/span>\n\t\t\t\t\t<\/span>\n\t\t\t\t\t<\/a>\n\t\t\t\t<\/div>\n\t\t\t\t\t\t\t\t<\/div>\n\t\t\t\t<\/div>\n\t\t\t\t\t<\/div>\n\t\t<\/div>\n\t\t\t\t\t<\/div>\n\t\t<\/section>\n\t\t\t\t<\/div>\n\t\t","protected":false},"excerpt":{"rendered":"<p>CHAZU 2025 \u2013 Maroua | Quand le mental prend aussi le d\u00e9part\u2026 Universit\u00e9 de Maroua \u2013 27 au 31 mai 2025Organis\u00e9 dans le cadre du Championnat Zonal Universitaire (CHAZU) \u2013 [&hellip;]<\/p>\n","protected":false},"author":1,"featured_media":0,"parent":0,"menu_order":0,"comment_status":"closed","ping_status":"closed","template":"","meta":{"om_disable_all_campaigns":false,"_monsterinsights_skip_tracking":false,"_monsterinsights_sitenote_active":false,"_monsterinsights_sitenote_note":"","_monsterinsights_sitenote_category":0,"_uf_show_specific_survey":0,"_uf_disable_surveys":false,"footnotes":""},"class_list":["post-1719","page","type-page","status-publish","hentry"],"aioseo_notices":[],"_links":{"self":[{"href":"https:\/\/opsycours.org\/index.php\/wp-json\/wp\/v2\/pages\/1719","targetHints":{"allow":["GET"]}}],"collection":[{"href":"https:\/\/opsycours.org\/index.php\/wp-json\/wp\/v2\/pages"}],"about":[{"href":"https:\/\/opsycours.org\/index.php\/wp-json\/wp\/v2\/types\/page"}],"author":[{"embeddable":true,"href":"https:\/\/opsycours.org\/index.php\/wp-json\/wp\/v2\/users\/1"}],"replies":[{"embeddable":true,"href":"https:\/\/opsycours.org\/index.php\/wp-json\/wp\/v2\/comments?post=1719"}],"version-history":[{"count":3,"href":"https:\/\/opsycours.org\/index.php\/wp-json\/wp\/v2\/pages\/1719\/revisions"}],"predecessor-version":[{"id":1722,"href":"https:\/\/opsycours.org\/index.php\/wp-json\/wp\/v2\/pages\/1719\/revisions\/1722"}],"wp:attachment":[{"href":"https:\/\/opsycours.org\/index.php\/wp-json\/wp\/v2\/media?parent=1719"}],"curies":[{"name":"wp","href":"https:\/\/api.w.org\/{rel}","templated":true}]}}