{"id":1711,"date":"2025-06-17T23:28:43","date_gmt":"2025-06-17T22:28:43","guid":{"rendered":"https:\/\/opsycours.org\/?page_id=1711"},"modified":"2025-06-17T23:39:08","modified_gmt":"2025-06-17T22:39:08","slug":"sortie-premiere-promotion-des-intervenants-durgence-psychologique-iup-opsycours","status":"publish","type":"page","link":"https:\/\/opsycours.org\/index.php\/sortie-premiere-promotion-des-intervenants-durgence-psychologique-iup-opsycours\/","title":{"rendered":"Sortie  Premi\u00e8re promotion des Intervenants d\u2019Urgence Psychologique (IUP) OPSYCOURS"},"content":{"rendered":"\t\t<div data-elementor-type=\"wp-page\" data-elementor-id=\"1711\" class=\"elementor elementor-1711\">\n\t\t\t\t\t\t<section class=\"elementor-section elementor-top-section elementor-element elementor-element-c3bbba9 elementor-section-boxed elementor-section-height-default elementor-section-height-default\" data-id=\"c3bbba9\" data-element_type=\"section\" data-settings=\"{&quot;background_background&quot;:&quot;slideshow&quot;,&quot;background_slideshow_gallery&quot;:[{&quot;id&quot;:1543,&quot;url&quot;:&quot;https:\\\/\\\/opsycours.org\\\/wp-content\\\/uploads\\\/2025\\\/06\\\/WhatsApp-Image-2025-04-16-at-17.00.23_45fac0c8.jpg&quot;},{&quot;id&quot;:1540,&quot;url&quot;:&quot;https:\\\/\\\/opsycours.org\\\/wp-content\\\/uploads\\\/2025\\\/06\\\/WhatsApp-Image-2025-06-10-at-19.57.52_65de3aea.jpg&quot;},{&quot;id&quot;:1545,&quot;url&quot;:&quot;https:\\\/\\\/opsycours.org\\\/wp-content\\\/uploads\\\/2025\\\/06\\\/WhatsApp-Image-2025-04-16-at-16.16.00_ae0d00fc.jpg&quot;},{&quot;id&quot;:1552,&quot;url&quot;:&quot;https:\\\/\\\/opsycours.org\\\/wp-content\\\/uploads\\\/2025\\\/06\\\/IMG-20250416-WA0039.jpg&quot;},{&quot;id&quot;:1548,&quot;url&quot;:&quot;https:\\\/\\\/opsycours.org\\\/wp-content\\\/uploads\\\/2025\\\/06\\\/WhatsApp-Image-2025-04-16-at-16.15.59_cb4439d0.jpg&quot;}],&quot;background_slideshow_ken_burns&quot;:&quot;yes&quot;,&quot;background_slideshow_loop&quot;:&quot;yes&quot;,&quot;background_slideshow_slide_duration&quot;:5000,&quot;background_slideshow_slide_transition&quot;:&quot;fade&quot;,&quot;background_slideshow_transition_duration&quot;:500,&quot;background_slideshow_ken_burns_zoom_direction&quot;:&quot;in&quot;}\">\n\t\t\t\t\t\t<div class=\"elementor-container elementor-column-gap-default\">\n\t\t\t\t\t<div class=\"elementor-column elementor-col-100 elementor-top-column elementor-element elementor-element-17db01b\" data-id=\"17db01b\" data-element_type=\"column\">\n\t\t\t<div class=\"elementor-widget-wrap elementor-element-populated\">\n\t\t\t\t\t\t<div class=\"elementor-element elementor-element-1b62ef9 elementor-widget__width-initial elementor-widget elementor-widget-gva-heading-block\" data-id=\"1b62ef9\" data-element_type=\"widget\" data-widget_type=\"gva-heading-block.default\">\n\t\t\t\t<div class=\"elementor-widget-container\">\n\t\t\t\t\t<div class=\"gva-element-gva-heading-block gva-element\">   <div class=\"align-left style-1 widget gsc-heading box-align-left auto-responsive\">\r\n      <div class=\"content-inner\">\r\n         \r\n                  \r\n           \r\n         \r\n                     <h2 class=\"title\">\r\n               <span>\ud83c\udf93 C\u00c9R\u00c9MONIE HISTORIQUE \u00c0 MAROUA \u2013 Premi\u00e8re promotion des Intervenants d\u2019Urgence Psychologique (IUP) OPSYCOURS<\/span>\r\n            <\/h2>\r\n                  \r\n         \r\n         \r\n      <\/div>\r\n   <\/div>\r\n<\/div>\t\t\t\t<\/div>\n\t\t\t\t<\/div>\n\t\t\t\t\t<\/div>\n\t\t<\/div>\n\t\t\t\t\t<\/div>\n\t\t<\/section>\n\t\t\t\t<section class=\"elementor-section elementor-top-section elementor-element elementor-element-a50b0b1 elementor-section-boxed elementor-section-height-default elementor-section-height-default\" data-id=\"a50b0b1\" data-element_type=\"section\">\n\t\t\t\t\t\t<div class=\"elementor-container elementor-column-gap-default\">\n\t\t\t\t\t<div class=\"elementor-column elementor-col-100 elementor-top-column elementor-element elementor-element-c000621\" data-id=\"c000621\" data-element_type=\"column\">\n\t\t\t<div class=\"elementor-widget-wrap elementor-element-populated\">\n\t\t\t\t\t\t<div class=\"elementor-element elementor-element-700caa2 elementor-drop-cap-yes elementor-drop-cap-view-default elementor-widget elementor-widget-text-editor\" data-id=\"700caa2\" data-element_type=\"widget\" data-settings=\"{&quot;drop_cap&quot;:&quot;yes&quot;}\" data-widget_type=\"text-editor.default\">\n\t\t\t\t<div class=\"elementor-widget-container\">\n\t\t\t\t\t\t\t\t\t<p><strong data-start=\"416\" data-end=\"441\">Maroua, 16 avril 2025<\/strong> \u2013 Ce jour restera grav\u00e9 dans l\u2019histoire d\u2019OPSYCOURS Cameroun. Pour la premi\u00e8re fois, une promotion enti\u00e8re d\u2019<strong data-start=\"551\" data-end=\"597\">Intervenants d\u2019Urgence Psychologique (IUP)<\/strong> form\u00e9s \u00e0 Maroua a re\u00e7u son attestation de sortie, <strong data-start=\"648\" data-end=\"727\">ouvrant une \u00e8re nouvelle pour la sant\u00e9 mentale d\u2019urgence dans le Grand Nord<\/strong>.<\/p>\t\t\t\t\t\t\t\t<\/div>\n\t\t\t\t<\/div>\n\t\t\t\t\t<\/div>\n\t\t<\/div>\n\t\t\t\t\t<\/div>\n\t\t<\/section>\n\t\t\t\t<section class=\"elementor-section elementor-top-section elementor-element elementor-element-c42264a elementor-section-boxed elementor-section-height-default elementor-section-height-default\" data-id=\"c42264a\" data-element_type=\"section\">\n\t\t\t\t\t\t<div class=\"elementor-container elementor-column-gap-default\">\n\t\t\t\t\t<div class=\"elementor-column elementor-col-100 elementor-top-column elementor-element elementor-element-d1ef05d\" data-id=\"d1ef05d\" data-element_type=\"column\">\n\t\t\t<div class=\"elementor-widget-wrap elementor-element-populated\">\n\t\t\t\t\t\t<div class=\"elementor-element elementor-element-f2ac67c elementor-widget elementor-widget-text-editor\" data-id=\"f2ac67c\" data-element_type=\"widget\" data-widget_type=\"text-editor.default\">\n\t\t\t\t<div class=\"elementor-widget-container\">\n\t\t\t\t\t\t\t\t\t<h3 data-start=\"735\" data-end=\"814\">Une c\u00e9r\u00e9monie solennelle, marqu\u00e9e par la reconnaissance institutionnelle<\/h3><p data-start=\"816\" data-end=\"832\">En pr\u00e9sence de :<\/p><p>\u00a0<\/p><ul data-start=\"833\" data-end=\"1239\"><li data-start=\"833\" data-end=\"899\"><p data-start=\"835\" data-end=\"899\">la <strong data-start=\"838\" data-end=\"896\">Repr\u00e9sentante de la Sous-direction de la Sant\u00e9 Mentale<\/strong>,<\/p><\/li><li data-start=\"900\" data-end=\"983\"><p data-start=\"902\" data-end=\"983\">le <strong data-start=\"905\" data-end=\"980\">Repr\u00e9sentant du D\u00e9l\u00e9gu\u00e9 R\u00e9gional de la Sant\u00e9 Publique de l\u2019Extr\u00eame-Nord<\/strong>,<\/p><\/li><li data-start=\"984\" data-end=\"1049\"><p data-start=\"986\" data-end=\"1049\">les <strong data-start=\"990\" data-end=\"1046\">autorit\u00e9s administratives et traditionnelles locales<\/strong>,<\/p><\/li><li data-start=\"1050\" data-end=\"1239\"><p data-start=\"1052\" data-end=\"1239\">ainsi que des <strong data-start=\"1066\" data-end=\"1124\">partenaires humanitaires, familles et citoyens engag\u00e9s<\/strong>,<br data-start=\"1125\" data-end=\"1128\" \/>la c\u00e9r\u00e9monie a \u00e9t\u00e9 un v\u00e9ritable <strong data-start=\"1160\" data-end=\"1238\">hymne \u00e0 l&#8217;engagement citoyen au service de la sant\u00e9 mentale sans \u00e9tiquette<\/strong>.<\/p><\/li><\/ul><div>\u00a0<\/div><div><h3 data-start=\"1246\" data-end=\"1332\">Une formation pour agir dans l\u2019urgence\u2026 l\u00e0 o\u00f9 le silence fait le plus de d\u00e9g\u00e2ts<\/h3><blockquote data-start=\"1334\" data-end=\"1579\"><p data-start=\"1336\" data-end=\"1579\">Ces <strong data-start=\"1340\" data-end=\"1380\">Intervenants d\u2019Urgence Psychologique<\/strong>, d\u00e9sormais dipl\u00f4m\u00e9s, ont \u00e9t\u00e9 pr\u00e9par\u00e9s \u00e0 intervenir dans les situations les plus critiques :<br data-start=\"1472\" data-end=\"1475\" \/>tremblements de terre \u00e9motionnels, crises collectives, violences extr\u00eames, ou traumatismes silencieux.<\/p><\/blockquote><p data-start=\"1581\" data-end=\"1603\">Ils seront d\u00e9sormais :<\/p><ul data-start=\"1604\" data-end=\"1812\"><li data-start=\"1604\" data-end=\"1628\"><p data-start=\"1606\" data-end=\"1628\">actifs sur le terrain,<\/p><\/li><li data-start=\"1629\" data-end=\"1666\"><p data-start=\"1631\" data-end=\"1666\">pr\u00e9sents dans les centres de sant\u00e9,<\/p><\/li><li data-start=\"1667\" data-end=\"1743\"><p data-start=\"1669\" data-end=\"1743\">r\u00e9actifs lors de catastrophes naturelles, conflits ou crises humanitaires,<\/p><\/li><li data-start=\"1744\" data-end=\"1812\"><p data-start=\"1746\" data-end=\"1812\"><strong data-start=\"1746\" data-end=\"1812\">au service des invisibles, l\u00e0 o\u00f9 personne ne pense \u00e0 regarder.<\/strong><\/p><\/li><\/ul><\/div>\t\t\t\t\t\t\t\t<\/div>\n\t\t\t\t<\/div>\n\t\t\t\t\t<\/div>\n\t\t<\/div>\n\t\t\t\t\t<\/div>\n\t\t<\/section>\n\t\t\t\t<section class=\"elementor-section elementor-top-section elementor-element elementor-element-beb2abe elementor-section-boxed elementor-section-height-default elementor-section-height-default\" data-id=\"beb2abe\" data-element_type=\"section\">\n\t\t\t\t\t\t<div class=\"elementor-container elementor-column-gap-default\">\n\t\t\t\t\t<div class=\"elementor-column elementor-col-50 elementor-top-column elementor-element elementor-element-4a9f555\" data-id=\"4a9f555\" data-element_type=\"column\">\n\t\t\t<div class=\"elementor-widget-wrap elementor-element-populated\">\n\t\t\t\t\t\t<div class=\"elementor-element elementor-element-248093a elementor-widget elementor-widget-image\" data-id=\"248093a\" data-element_type=\"widget\" data-widget_type=\"image.default\">\n\t\t\t\t<div class=\"elementor-widget-container\">\n\t\t\t\t\t\t\t\t\t\t\t\t\t\t\t<img fetchpriority=\"high\" decoding=\"async\" width=\"540\" height=\"540\" src=\"https:\/\/opsycours.org\/wp-content\/uploads\/2025\/06\/IMG-20250421-WA0022-540x540.jpg\" class=\"attachment-medium size-medium wp-image-1541\" alt=\"\" srcset=\"https:\/\/opsycours.org\/wp-content\/uploads\/2025\/06\/IMG-20250421-WA0022-540x540.jpg 540w, https:\/\/opsycours.org\/wp-content\/uploads\/2025\/06\/IMG-20250421-WA0022-175x175.jpg 175w, https:\/\/opsycours.org\/wp-content\/uploads\/2025\/06\/IMG-20250421-WA0022-300x300.jpg 300w, https:\/\/opsycours.org\/wp-content\/uploads\/2025\/06\/IMG-20250421-WA0022-180x180.jpg 180w\" sizes=\"(max-width: 540px) 100vw, 540px\" \/>\t\t\t\t\t\t\t\t\t\t\t\t\t\t\t<\/div>\n\t\t\t\t<\/div>\n\t\t\t\t\t<\/div>\n\t\t<\/div>\n\t\t\t\t<div class=\"elementor-column elementor-col-50 elementor-top-column elementor-element elementor-element-7beed02\" data-id=\"7beed02\" data-element_type=\"column\">\n\t\t\t<div class=\"elementor-widget-wrap elementor-element-populated\">\n\t\t\t\t\t\t<div class=\"elementor-element elementor-element-41d6883 elementor-widget elementor-widget-text-editor\" data-id=\"41d6883\" data-element_type=\"widget\" data-widget_type=\"text-editor.default\">\n\t\t\t\t<div class=\"elementor-widget-container\">\n\t\t\t\t\t\t\t\t\t<h3 data-start=\"1819\" data-end=\"1865\">Un visage, une voix : Mang-Egre L\u00e9onard<\/h3><p data-start=\"1867\" data-end=\"2034\"><em data-start=\"1870\" data-end=\"1937\">Certificat \u00e0 la main, sourire assur\u00e9, regard tourn\u00e9 vers l\u2019avenir<\/em>,<br data-start=\"1938\" data-end=\"1941\" \/><strong data-start=\"1941\" data-end=\"1965\">M. Mang-Egre L\u00e9onard<\/strong>, Point Focal OPSYCOURS \u00e0 Maroua, fait partie des pionniers dipl\u00f4m\u00e9s.<\/p><p data-start=\"2036\" data-end=\"2086\">\u00a0Interrog\u00e9 par plusieurs m\u00e9dias, il a d\u00e9clar\u00e9 :<\/p><blockquote data-start=\"2088\" data-end=\"2201\"><p data-start=\"2090\" data-end=\"2201\"><em data-start=\"2090\" data-end=\"2201\">\u00ab Il est temps que la souffrance psychique soit prise au s\u00e9rieux, au m\u00eame titre que les blessures visibles. \u00bb<\/em><\/p><\/blockquote><p>\u00a0<\/p><p data-start=\"2203\" data-end=\"2297\">Son message est aussi le n\u00f4tre. <strong data-start=\"2235\" data-end=\"2297\">La sant\u00e9 mentale est une urgence. Et nos h\u00e9ros sont pr\u00eats.<\/strong><\/p>\t\t\t\t\t\t\t\t<\/div>\n\t\t\t\t<\/div>\n\t\t\t\t\t<\/div>\n\t\t<\/div>\n\t\t\t\t\t<\/div>\n\t\t<\/section>\n\t\t\t\t<section class=\"elementor-section elementor-top-section elementor-element elementor-element-b17c15e elementor-section-boxed elementor-section-height-default elementor-section-height-default\" data-id=\"b17c15e\" data-element_type=\"section\">\n\t\t\t\t\t\t<div class=\"elementor-container elementor-column-gap-default\">\n\t\t\t\t\t<div class=\"elementor-column elementor-col-100 elementor-top-column elementor-element elementor-element-52883e8\" data-id=\"52883e8\" data-element_type=\"column\">\n\t\t\t<div class=\"elementor-widget-wrap elementor-element-populated\">\n\t\t\t\t\t\t<div class=\"elementor-element elementor-element-cd46045 elementor-widget elementor-widget-text-editor\" data-id=\"cd46045\" data-element_type=\"widget\" data-widget_type=\"text-editor.default\">\n\t\t\t\t<div class=\"elementor-widget-container\">\n\t\t\t\t\t\t\t\t\t<p><span style=\"color: #2b2b5e; font-size: 1.5rem; font-weight: bold; letter-spacing: -0.4px;\">Une fiert\u00e9 collective, un avenir \u00e0 b\u00e2tir<\/span><\/p><p data-start=\"2352\" data-end=\"2387\">OPSYCOURS remercie sinc\u00e8rement :<\/p><ul data-start=\"2388\" data-end=\"2625\"><li data-start=\"2388\" data-end=\"2455\"><p data-start=\"2390\" data-end=\"2455\">les encadreurs, facilitateurs et coordinateurs de la formation,<\/p><\/li><li data-start=\"2456\" data-end=\"2502\"><p data-start=\"2458\" data-end=\"2502\">les autorit\u00e9s locales pour leur confiance,<\/p><\/li><li data-start=\"2503\" data-end=\"2557\"><p data-start=\"2505\" data-end=\"2557\">les familles des r\u00e9cipiendaires pour leur soutien,<\/p><\/li><li data-start=\"2558\" data-end=\"2625\"><p data-start=\"2560\" data-end=\"2625\">et toutes les personnes pr\u00e9sentes \u00e0 cette c\u00e9l\u00e9bration historique.<\/p><\/li><\/ul>\t\t\t\t\t\t\t\t<\/div>\n\t\t\t\t<\/div>\n\t\t\t\t\t<\/div>\n\t\t<\/div>\n\t\t\t\t\t<\/div>\n\t\t<\/section>\n\t\t\t\t<section class=\"elementor-section elementor-top-section elementor-element elementor-element-320b6c6 elementor-section-boxed elementor-section-height-default elementor-section-height-default\" data-id=\"320b6c6\" data-element_type=\"section\">\n\t\t\t\t\t\t<div class=\"elementor-container elementor-column-gap-default\">\n\t\t\t\t\t<div class=\"elementor-column elementor-col-100 elementor-top-column elementor-element elementor-element-e6e85dd\" data-id=\"e6e85dd\" data-element_type=\"column\">\n\t\t\t<div class=\"elementor-widget-wrap elementor-element-populated\">\n\t\t\t\t\t\t<div class=\"elementor-element elementor-element-ff6bda5 elementor-widget__width-initial elementor-widget elementor-widget-button\" data-id=\"ff6bda5\" data-element_type=\"widget\" data-widget_type=\"button.default\">\n\t\t\t\t<div class=\"elementor-widget-container\">\n\t\t\t\t\t\t\t\t\t<div class=\"elementor-button-wrapper\">\n\t\t\t\t\t<a class=\"elementor-button elementor-button-link elementor-size-sm\" href=\"https:\/\/opsycours.org\/index.php\/galerie\/\">\n\t\t\t\t\t\t<span class=\"elementor-button-content-wrapper\">\n\t\t\t\t\t\t\t\t\t<span class=\"elementor-button-text\">\ud83d\udcf8 Voir la galerie<\/span>\n\t\t\t\t\t<\/span>\n\t\t\t\t\t<\/a>\n\t\t\t\t<\/div>\n\t\t\t\t\t\t\t\t<\/div>\n\t\t\t\t<\/div>\n\t\t\t\t\t<\/div>\n\t\t<\/div>\n\t\t\t\t\t<\/div>\n\t\t<\/section>\n\t\t\t\t<\/div>\n\t\t","protected":false},"excerpt":{"rendered":"<p>\ud83c\udf93 C\u00c9R\u00c9MONIE HISTORIQUE \u00c0 MAROUA \u2013 Premi\u00e8re promotion des Intervenants d\u2019Urgence Psychologique (IUP) OPSYCOURS Maroua, 16 avril 2025 \u2013 Ce jour restera grav\u00e9 dans l\u2019histoire d\u2019OPSYCOURS Cameroun. Pour la premi\u00e8re [&hellip;]<\/p>\n","protected":false},"author":1,"featured_media":0,"parent":0,"menu_order":0,"comment_status":"open","ping_status":"closed","template":"","meta":{"om_disable_all_campaigns":false,"_monsterinsights_skip_tracking":false,"_monsterinsights_sitenote_active":false,"_monsterinsights_sitenote_note":"","_monsterinsights_sitenote_category":0,"_uf_show_specific_survey":0,"_uf_disable_surveys":false,"footnotes":""},"class_list":["post-1711","page","type-page","status-publish","hentry"],"aioseo_notices":[],"_links":{"self":[{"href":"https:\/\/opsycours.org\/index.php\/wp-json\/wp\/v2\/pages\/1711","targetHints":{"allow":["GET"]}}],"collection":[{"href":"https:\/\/opsycours.org\/index.php\/wp-json\/wp\/v2\/pages"}],"about":[{"href":"https:\/\/opsycours.org\/index.php\/wp-json\/wp\/v2\/types\/page"}],"author":[{"embeddable":true,"href":"https:\/\/opsycours.org\/index.php\/wp-json\/wp\/v2\/users\/1"}],"replies":[{"embeddable":true,"href":"https:\/\/opsycours.org\/index.php\/wp-json\/wp\/v2\/comments?post=1711"}],"version-history":[{"count":6,"href":"https:\/\/opsycours.org\/index.php\/wp-json\/wp\/v2\/pages\/1711\/revisions"}],"predecessor-version":[{"id":1718,"href":"https:\/\/opsycours.org\/index.php\/wp-json\/wp\/v2\/pages\/1711\/revisions\/1718"}],"wp:attachment":[{"href":"https:\/\/opsycours.org\/index.php\/wp-json\/wp\/v2\/media?parent=1711"}],"curies":[{"name":"wp","href":"https:\/\/api.w.org\/{rel}","templated":true}]}}