{"id":1589,"date":"2025-06-16T13:21:59","date_gmt":"2025-06-16T12:21:59","guid":{"rendered":"https:\/\/opsycours.org\/?page_id=1589"},"modified":"2025-06-18T01:31:27","modified_gmt":"2025-06-18T00:31:27","slug":"actualites-et-actions-opsycours","status":"publish","type":"page","link":"https:\/\/opsycours.org\/index.php\/actualites-et-actions-opsycours\/","title":{"rendered":"Actualit\u00e9s et Actions OPSYCOURS"},"content":{"rendered":"\t\t<div data-elementor-type=\"wp-page\" data-elementor-id=\"1589\" class=\"elementor elementor-1589\">\n\t\t\t\t\t\t<section class=\"elementor-section elementor-top-section elementor-element elementor-element-d93d3b3 elementor-section-boxed elementor-section-height-default elementor-section-height-default\" data-id=\"d93d3b3\" data-element_type=\"section\">\n\t\t\t\t\t\t<div class=\"elementor-container elementor-column-gap-default\">\n\t\t\t\t\t<div class=\"elementor-column elementor-col-100 elementor-top-column elementor-element elementor-element-77b7cb4\" data-id=\"77b7cb4\" data-element_type=\"column\">\n\t\t\t<div class=\"elementor-widget-wrap elementor-element-populated\">\n\t\t\t\t\t\t<div class=\"elementor-element elementor-element-dacc812 elementor-arrows-position-outside elementor-widget__width-initial elementor-pagination-position-outside elementor-widget elementor-widget-image-carousel\" data-id=\"dacc812\" data-element_type=\"widget\" data-settings=\"{&quot;slides_to_show&quot;:&quot;1&quot;,&quot;navigation&quot;:&quot;both&quot;,&quot;autoplay&quot;:&quot;yes&quot;,&quot;pause_on_hover&quot;:&quot;yes&quot;,&quot;pause_on_interaction&quot;:&quot;yes&quot;,&quot;autoplay_speed&quot;:5000,&quot;infinite&quot;:&quot;yes&quot;,&quot;effect&quot;:&quot;slide&quot;,&quot;speed&quot;:500}\" data-widget_type=\"image-carousel.default\">\n\t\t\t\t<div class=\"elementor-widget-container\">\n\t\t\t\t\t\t\t<div class=\"elementor-image-carousel-wrapper swiper\" role=\"region\" aria-roledescription=\"carousel\" aria-label=\"Carrousel d\u2019images\" dir=\"ltr\">\n\t\t\t<div class=\"elementor-image-carousel swiper-wrapper swiper-image-stretch\" aria-live=\"off\">\n\t\t\t\t\t\t\t\t<div class=\"swiper-slide\" role=\"group\" aria-roledescription=\"slide\" aria-label=\"1 sur 7\"><figure class=\"swiper-slide-inner\"><img decoding=\"async\" class=\"swiper-slide-image\" src=\"https:\/\/opsycours.org\/wp-content\/uploads\/2025\/06\/IMG_20241127_121443_358-1-scaled.jpg\" alt=\"0-4064x3048-0-0#\" \/><\/figure><\/div><div class=\"swiper-slide\" role=\"group\" aria-roledescription=\"slide\" aria-label=\"2 sur 7\"><figure class=\"swiper-slide-inner\"><img decoding=\"async\" class=\"swiper-slide-image\" src=\"https:\/\/opsycours.org\/wp-content\/uploads\/2025\/06\/IMG_20241128_084538_752-Copy-rotated-e1750334836715.jpg\" alt=\"IMG_20241128_084538_752 - Copy\" \/><\/figure><\/div><div class=\"swiper-slide\" role=\"group\" aria-roledescription=\"slide\" aria-label=\"3 sur 7\"><figure class=\"swiper-slide-inner\"><img decoding=\"async\" class=\"swiper-slide-image\" src=\"https:\/\/opsycours.org\/wp-content\/uploads\/2025\/06\/IMG_20241127_104306_8.jpg\" alt=\"0-0x0-0-0#\" \/><\/figure><\/div><div class=\"swiper-slide\" role=\"group\" aria-roledescription=\"slide\" aria-label=\"4 sur 7\"><figure class=\"swiper-slide-inner\"><img decoding=\"async\" class=\"swiper-slide-image\" src=\"https:\/\/opsycours.org\/wp-content\/uploads\/2025\/06\/form-chazu-1.jpg\" alt=\"form chazu\" \/><\/figure><\/div><div class=\"swiper-slide\" role=\"group\" aria-roledescription=\"slide\" aria-label=\"5 sur 7\"><figure class=\"swiper-slide-inner\"><img decoding=\"async\" class=\"swiper-slide-image\" src=\"https:\/\/opsycours.org\/wp-content\/uploads\/2024\/03\/WhatsApp-Image-2024-03-06-at-12.17.15-PM.jpeg\" alt=\"WhatsApp Image 2024-03-06 at 12.17.15 PM\" \/><\/figure><\/div><div class=\"swiper-slide\" role=\"group\" aria-roledescription=\"slide\" aria-label=\"6 sur 7\"><figure class=\"swiper-slide-inner\"><img decoding=\"async\" class=\"swiper-slide-image\" src=\"https:\/\/opsycours.org\/wp-content\/uploads\/2024\/03\/WhatsApp-Image-2024-03-06-at-8.49.09-AM.jpeg\" alt=\"WhatsApp Image 2024-03-06 at 8.49.09 AM\" \/><\/figure><\/div><div class=\"swiper-slide\" role=\"group\" aria-roledescription=\"slide\" aria-label=\"7 sur 7\"><figure class=\"swiper-slide-inner\"><img decoding=\"async\" class=\"swiper-slide-image\" src=\"https:\/\/opsycours.org\/wp-content\/uploads\/2024\/03\/WhatsApp-Image-2024-03-06-at-8.49.07-AM.jpeg\" alt=\"WhatsApp Image 2024-03-06 at 8.49.07 AM\" \/><\/figure><\/div>\t\t\t<\/div>\n\t\t\t\t\t\t\t\t\t\t\t\t<div class=\"elementor-swiper-button elementor-swiper-button-prev\" role=\"button\" tabindex=\"0\">\n\t\t\t\t\t\t<i aria-hidden=\"true\" class=\"eicon-chevron-left\"><\/i>\t\t\t\t\t<\/div>\n\t\t\t\t\t<div class=\"elementor-swiper-button elementor-swiper-button-next\" role=\"button\" tabindex=\"0\">\n\t\t\t\t\t\t<i aria-hidden=\"true\" class=\"eicon-chevron-right\"><\/i>\t\t\t\t\t<\/div>\n\t\t\t\t\n\t\t\t\t\t\t\t\t\t<div class=\"swiper-pagination\"><\/div>\n\t\t\t\t\t\t\t\t\t<\/div>\n\t\t\t\t\t\t<\/div>\n\t\t\t\t<\/div>\n\t\t\t\t\t<\/div>\n\t\t<\/div>\n\t\t\t\t\t<\/div>\n\t\t<\/section>\n\t\t\t\t<section class=\"elementor-section elementor-top-section elementor-element elementor-element-a583235 elementor-section-stretched elementor-section-boxed elementor-section-height-default elementor-section-height-default\" data-id=\"a583235\" data-element_type=\"section\" data-settings=\"{&quot;stretch_section&quot;:&quot;section-stretched&quot;}\">\n\t\t\t\t\t\t\t<div class=\"elementor-background-overlay\"><\/div>\n\t\t\t\t\t\t\t<div class=\"elementor-container elementor-column-gap-narrow\">\n\t\t\t\t\t<div class=\"elementor-column elementor-col-33 elementor-top-column elementor-element elementor-element-11919bce\" data-id=\"11919bce\" data-element_type=\"column\">\n\t\t\t<div class=\"elementor-widget-wrap elementor-element-populated\">\n\t\t\t\t\t\t<div class=\"elementor-element elementor-element-13b50e71 elementor-widget elementor-widget-image\" data-id=\"13b50e71\" data-element_type=\"widget\" data-widget_type=\"image.default\">\n\t\t\t\t<div class=\"elementor-widget-container\">\n\t\t\t\t\t\t\t\t\t\t\t\t\t\t\t<img fetchpriority=\"high\" decoding=\"async\" width=\"767\" height=\"1024\" src=\"https:\/\/opsycours.org\/wp-content\/uploads\/2025\/06\/WhatsApp-Image-2025-05-29-at-21.17.39_eaf0e17d-1-767x1024.jpg\" class=\"attachment-large size-large wp-image-1411\" alt=\"\" srcset=\"https:\/\/opsycours.org\/wp-content\/uploads\/2025\/06\/WhatsApp-Image-2025-05-29-at-21.17.39_eaf0e17d-1-767x1024.jpg 767w, https:\/\/opsycours.org\/wp-content\/uploads\/2025\/06\/WhatsApp-Image-2025-05-29-at-21.17.39_eaf0e17d-1-768x1025.jpg 768w, https:\/\/opsycours.org\/wp-content\/uploads\/2025\/06\/WhatsApp-Image-2025-05-29-at-21.17.39_eaf0e17d-1-600x801.jpg 600w, https:\/\/opsycours.org\/wp-content\/uploads\/2025\/06\/WhatsApp-Image-2025-05-29-at-21.17.39_eaf0e17d-1.jpg 809w\" sizes=\"(max-width: 767px) 100vw, 767px\" \/>\t\t\t\t\t\t\t\t\t\t\t\t\t\t\t<\/div>\n\t\t\t\t<\/div>\n\t\t\t\t<div class=\"elementor-element elementor-element-6bda2c0b elementor-widget elementor-widget-heading\" data-id=\"6bda2c0b\" data-element_type=\"widget\" data-widget_type=\"heading.default\">\n\t\t\t\t<div class=\"elementor-widget-container\">\n\t\t\t\t\t<h2 class=\"elementor-heading-title elementor-size-default\">Retour sur le CHAZU 2025<\/h2>\t\t\t\t<\/div>\n\t\t\t\t<\/div>\n\t\t\t\t<div class=\"elementor-element elementor-element-5aab9383 elementor-widget elementor-widget-text-editor\" data-id=\"5aab9383\" data-element_type=\"widget\" data-widget_type=\"text-editor.default\">\n\t\t\t\t<div class=\"elementor-widget-container\">\n\t\t\t\t\t\t\t\t\tL&#8217;\u00e9quipe OPSYCOURS a particip\u00e9 avec enthousiasme au Championnat de zone universitaire, sensibilisant sur la sant\u00e9 mentale en milieux jeunes.\t\t\t\t\t\t\t\t<\/div>\n\t\t\t\t<\/div>\n\t\t\t\t<div class=\"elementor-element elementor-element-36cf1e92 elementor-widget elementor-widget-button\" data-id=\"36cf1e92\" data-element_type=\"widget\" data-widget_type=\"button.default\">\n\t\t\t\t<div class=\"elementor-widget-container\">\n\t\t\t\t\t\t\t\t\t<div class=\"elementor-button-wrapper\">\n\t\t\t\t\t<a class=\"elementor-button elementor-button-link elementor-size-sm\" href=\"https:\/\/opsycours.org\/index.php\/chazu-2025-maroua_-quand-le-mental-prend-aussi-le-depart\/\">\n\t\t\t\t\t\t<span class=\"elementor-button-content-wrapper\">\n\t\t\t\t\t\t\t\t\t<span class=\"elementor-button-text\">Lire la suite<\/span>\n\t\t\t\t\t<\/span>\n\t\t\t\t\t<\/a>\n\t\t\t\t<\/div>\n\t\t\t\t\t\t\t\t<\/div>\n\t\t\t\t<\/div>\n\t\t\t\t\t<\/div>\n\t\t<\/div>\n\t\t\t\t<div class=\"elementor-column elementor-col-33 elementor-top-column elementor-element elementor-element-15715eff\" data-id=\"15715eff\" data-element_type=\"column\">\n\t\t\t<div class=\"elementor-widget-wrap elementor-element-populated\">\n\t\t\t\t\t\t<div class=\"elementor-element elementor-element-51cd2c8e elementor-widget elementor-widget-image\" data-id=\"51cd2c8e\" data-element_type=\"widget\" data-widget_type=\"image.default\">\n\t\t\t\t<div class=\"elementor-widget-container\">\n\t\t\t\t\t\t\t\t\t\t\t\t\t\t\t<img decoding=\"async\" width=\"900\" height=\"675\" src=\"https:\/\/opsycours.org\/wp-content\/uploads\/2025\/06\/WhatsApp-Image-2025-06-10-at-19.57.52_65de3aea.jpg\" class=\"attachment-large size-large wp-image-1540\" alt=\"\" srcset=\"https:\/\/opsycours.org\/wp-content\/uploads\/2025\/06\/WhatsApp-Image-2025-06-10-at-19.57.52_65de3aea.jpg 1020w, https:\/\/opsycours.org\/wp-content\/uploads\/2025\/06\/WhatsApp-Image-2025-06-10-at-19.57.52_65de3aea-768x576.jpg 768w, https:\/\/opsycours.org\/wp-content\/uploads\/2025\/06\/WhatsApp-Image-2025-06-10-at-19.57.52_65de3aea-600x450.jpg 600w\" sizes=\"(max-width: 900px) 100vw, 900px\" \/>\t\t\t\t\t\t\t\t\t\t\t\t\t\t\t<\/div>\n\t\t\t\t<\/div>\n\t\t\t\t<div class=\"elementor-element elementor-element-4d0dfdf6 elementor-widget elementor-widget-heading\" data-id=\"4d0dfdf6\" data-element_type=\"widget\" data-widget_type=\"heading.default\">\n\t\t\t\t<div class=\"elementor-widget-container\">\n\t\t\t\t\t<h2 class=\"elementor-heading-title elementor-size-default\">Promotion IUP Maroua<\/h2>\t\t\t\t<\/div>\n\t\t\t\t<\/div>\n\t\t\t\t<div class=\"elementor-element elementor-element-6568ceaf elementor-widget elementor-widget-text-editor\" data-id=\"6568ceaf\" data-element_type=\"widget\" data-widget_type=\"text-editor.default\">\n\t\t\t\t<div class=\"elementor-widget-container\">\n\t\t\t\t\t\t\t\t\tC\u00e9r\u00e9monie officielle de sortie des Intervenants d&#8217;Urgence Psychologique. Un moment fort pour la sant\u00e9 mentale au Sahel.\t\t\t\t\t\t\t\t<\/div>\n\t\t\t\t<\/div>\n\t\t\t\t<div class=\"elementor-element elementor-element-153b0620 elementor-widget elementor-widget-button\" data-id=\"153b0620\" data-element_type=\"widget\" data-widget_type=\"button.default\">\n\t\t\t\t<div class=\"elementor-widget-container\">\n\t\t\t\t\t\t\t\t\t<div class=\"elementor-button-wrapper\">\n\t\t\t\t\t<a class=\"elementor-button elementor-button-link elementor-size-sm\" href=\"https:\/\/opsycours.org\/index.php\/sortie-premiere-promotion-des-intervenants-durgence-psychologique-iup-opsycours\/\">\n\t\t\t\t\t\t<span class=\"elementor-button-content-wrapper\">\n\t\t\t\t\t\t\t\t\t<span class=\"elementor-button-text\">Lire la suite<\/span>\n\t\t\t\t\t<\/span>\n\t\t\t\t\t<\/a>\n\t\t\t\t<\/div>\n\t\t\t\t\t\t\t\t<\/div>\n\t\t\t\t<\/div>\n\t\t\t\t\t<\/div>\n\t\t<\/div>\n\t\t\t\t<div class=\"elementor-column elementor-col-33 elementor-top-column elementor-element elementor-element-2567dfba\" data-id=\"2567dfba\" data-element_type=\"column\">\n\t\t\t<div class=\"elementor-widget-wrap elementor-element-populated\">\n\t\t\t\t\t\t<div class=\"elementor-element elementor-element-69be8d9c elementor-widget elementor-widget-image\" data-id=\"69be8d9c\" data-element_type=\"widget\" data-widget_type=\"image.default\">\n\t\t\t\t<div class=\"elementor-widget-container\">\n\t\t\t\t\t\t\t\t\t\t\t\t\t\t\t<img decoding=\"async\" width=\"900\" height=\"506\" src=\"https:\/\/opsycours.org\/wp-content\/uploads\/2022\/12\/481097241_944715771153572_5965499809382755598_n-1024x576.jpg\" class=\"attachment-large size-large wp-image-1437\" alt=\"\" srcset=\"https:\/\/opsycours.org\/wp-content\/uploads\/2022\/12\/481097241_944715771153572_5965499809382755598_n-1024x576.jpg 1024w, https:\/\/opsycours.org\/wp-content\/uploads\/2022\/12\/481097241_944715771153572_5965499809382755598_n-768x432.jpg 768w, https:\/\/opsycours.org\/wp-content\/uploads\/2022\/12\/481097241_944715771153572_5965499809382755598_n-600x338.jpg 600w, https:\/\/opsycours.org\/wp-content\/uploads\/2022\/12\/481097241_944715771153572_5965499809382755598_n.jpg 1920w\" sizes=\"(max-width: 900px) 100vw, 900px\" \/>\t\t\t\t\t\t\t\t\t\t\t\t\t\t\t<\/div>\n\t\t\t\t<\/div>\n\t\t\t\t<div class=\"elementor-element elementor-element-667f9cd0 elementor-widget elementor-widget-heading\" data-id=\"667f9cd0\" data-element_type=\"widget\" data-widget_type=\"heading.default\">\n\t\t\t\t<div class=\"elementor-widget-container\">\n\t\t\t\t\t<h2 class=\"elementor-heading-title elementor-size-default\">Intervention post-inondations<\/h2>\t\t\t\t<\/div>\n\t\t\t\t<\/div>\n\t\t\t\t<div class=\"elementor-element elementor-element-33346bdc elementor-widget elementor-widget-text-editor\" data-id=\"33346bdc\" data-element_type=\"widget\" data-widget_type=\"text-editor.default\">\n\t\t\t\t<div class=\"elementor-widget-container\">\n\t\t\t\t\t\t\t\t\t<p>Soutien psychosocial d&#8217;urgence apport\u00e9 aux populations touch\u00e9es par les inondations \u00e0 Yagoua.<\/p>\t\t\t\t\t\t\t\t<\/div>\n\t\t\t\t<\/div>\n\t\t\t\t<div class=\"elementor-element elementor-element-5e7cb0d8 elementor-widget elementor-widget-button\" data-id=\"5e7cb0d8\" data-element_type=\"widget\" data-widget_type=\"button.default\">\n\t\t\t\t<div class=\"elementor-widget-container\">\n\t\t\t\t\t\t\t\t\t<div class=\"elementor-button-wrapper\">\n\t\t\t\t\t<a class=\"elementor-button elementor-button-link elementor-size-sm\" href=\"https:\/\/opsycours.org\/index.php\/opsycours-a-yagoua\/\">\n\t\t\t\t\t\t<span class=\"elementor-button-content-wrapper\">\n\t\t\t\t\t\t\t\t\t<span class=\"elementor-button-text\">Lire la suite<\/span>\n\t\t\t\t\t<\/span>\n\t\t\t\t\t<\/a>\n\t\t\t\t<\/div>\n\t\t\t\t\t\t\t\t<\/div>\n\t\t\t\t<\/div>\n\t\t\t\t\t<\/div>\n\t\t<\/div>\n\t\t\t\t\t<\/div>\n\t\t<\/section>\n\t\t\t\t<\/div>\n\t\t","protected":false},"excerpt":{"rendered":"<p>Retour sur le CHAZU 2025 L&#8217;\u00e9quipe OPSYCOURS a particip\u00e9 avec enthousiasme au Championnat de zone universitaire, sensibilisant sur la sant\u00e9 mentale en milieux jeunes. Lire la suite Promotion IUP Maroua [&hellip;]<\/p>\n","protected":false},"author":1,"featured_media":1590,"parent":0,"menu_order":0,"comment_status":"closed","ping_status":"closed","template":"","meta":{"om_disable_all_campaigns":false,"_monsterinsights_skip_tracking":false,"_monsterinsights_sitenote_active":false,"_monsterinsights_sitenote_note":"","_monsterinsights_sitenote_category":0,"_uf_show_specific_survey":0,"_uf_disable_surveys":false,"footnotes":""},"class_list":["post-1589","page","type-page","status-publish","has-post-thumbnail","hentry"],"aioseo_notices":[],"_links":{"self":[{"href":"https:\/\/opsycours.org\/index.php\/wp-json\/wp\/v2\/pages\/1589","targetHints":{"allow":["GET"]}}],"collection":[{"href":"https:\/\/opsycours.org\/index.php\/wp-json\/wp\/v2\/pages"}],"about":[{"href":"https:\/\/opsycours.org\/index.php\/wp-json\/wp\/v2\/types\/page"}],"author":[{"embeddable":true,"href":"https:\/\/opsycours.org\/index.php\/wp-json\/wp\/v2\/users\/1"}],"replies":[{"embeddable":true,"href":"https:\/\/opsycours.org\/index.php\/wp-json\/wp\/v2\/comments?post=1589"}],"version-history":[{"count":13,"href":"https:\/\/opsycours.org\/index.php\/wp-json\/wp\/v2\/pages\/1589\/revisions"}],"predecessor-version":[{"id":1737,"href":"https:\/\/opsycours.org\/index.php\/wp-json\/wp\/v2\/pages\/1589\/revisions\/1737"}],"wp:featuredmedia":[{"embeddable":true,"href":"https:\/\/opsycours.org\/index.php\/wp-json\/wp\/v2\/media\/1590"}],"wp:attachment":[{"href":"https:\/\/opsycours.org\/index.php\/wp-json\/wp\/v2\/media?parent=1589"}],"curies":[{"name":"wp","href":"https:\/\/api.w.org\/{rel}","templated":true}]}}